{"id":133,"date":"2022-09-12T23:11:16","date_gmt":"2022-09-12T21:11:16","guid":{"rendered":"http:\/\/mpu-berlin.net\/Wordpress%20Test\/?page_id=133"},"modified":"2022-09-14T10:44:26","modified_gmt":"2022-09-14T08:44:26","slug":"von-rot-auf-gruen-2","status":"publish","type":"page","link":"https:\/\/mpu-berlin.net\/index.php\/von-rot-auf-gruen-2\/","title":{"rendered":"Von rot auf gr\u00fcn"},"content":{"rendered":"\n<div class=\"wp-block-cover alignfull is-light\"><span aria-hidden=\"true\" class=\"wp-block-cover__background has-background-dim\"><\/span><img decoding=\"async\" loading=\"lazy\" width=\"1920\" height=\"1281\" class=\"wp-block-cover__image-background wp-image-720\" alt=\"\" src=\"https:\/\/mpu-berlin.net\/wp-content\/uploads\/2022\/09\/traffic-lights-6908699_1920.jpg\" data-object-fit=\"cover\" srcset=\"https:\/\/mpu-berlin.net\/wp-content\/uploads\/2022\/09\/traffic-lights-6908699_1920.jpg 1920w, https:\/\/mpu-berlin.net\/wp-content\/uploads\/2022\/09\/traffic-lights-6908699_1920-300x200.jpg 300w, https:\/\/mpu-berlin.net\/wp-content\/uploads\/2022\/09\/traffic-lights-6908699_1920-1024x683.jpg 1024w, https:\/\/mpu-berlin.net\/wp-content\/uploads\/2022\/09\/traffic-lights-6908699_1920-768x512.jpg 768w, https:\/\/mpu-berlin.net\/wp-content\/uploads\/2022\/09\/traffic-lights-6908699_1920-1536x1025.jpg 1536w\" sizes=\"(max-width: 1920px) 100vw, 1920px\" \/><div class=\"wp-block-cover__inner-container is-layout-flow wp-block-cover-is-layout-flow\">\n<p class=\"has-text-align-center has-x-large-font-size\">Von rot auf gr\u00fcn<\/p>\n<\/div><\/div>\n\n\n<p><\/p>\n<p>Die Fahrerlaubnis kann von der F\u00fchrerscheinstelle aus ver\u00adschiedenen Gr\u00fcnden entzogen werden. Die h\u00e4ufigsten Gr\u00fcnde hierf\u00fcr:<\/p>\n<div id=\"liste\">\n<ul>\n<li>Alkoholfahrten (\u00fcber 1,6 Promille oder 2x mit geringen Werten innerhalb von 10 Jahren)<\/li>\n<li>Punkteansammlung im Zentralregister<\/li>\n<li>Fahrten unter Drogeneinfluss (nach BtmG)<\/li>\n<\/ul>\n<p>Um den F\u00fchrerschein zur\u00fcck zu erhalten, kann eine medizinisch-psychologische Untersuchung, die MPU, durchgef\u00fchrt werden.<\/p>\n<\/div>\n<div>&nbsp;<\/div>\n<p>Unsere Aufgabe ist es, Sie auf Ihrem Weg bis zur Erlangung Ihres F\u00fchrerscheins zu begleiten. Hierbei nehmen wir Ihnen Ihre Sorgen und bereiten wir Sie optimal auf Ihre MPU vor, so dass Sie den Gutachter von Ihrer Fahrtauglichkeit \u00fcberzeugen und ein positives Gutachten erhalten.<\/p>\n\n\n<div class=\"wp-block-uagb-container uagb-block-00e844f9 alignfull uagb-is-root-container\"><div class=\"uagb-container-inner-blocks-wrap\">\n<div class=\"wp-block-media-text alignwide is-stacked-on-mobile\" style=\"grid-template-columns:40% auto\"><figure class=\"wp-block-media-text__media\"><img decoding=\"async\" loading=\"lazy\" width=\"2224\" height=\"1668\" src=\"https:\/\/mpu-berlin.net\/wp-content\/uploads\/2022\/08\/Punkte-Tacho.png\" alt=\"\" class=\"wp-image-603 size-full\" srcset=\"https:\/\/mpu-berlin.net\/wp-content\/uploads\/2022\/08\/Punkte-Tacho.png 2224w, https:\/\/mpu-berlin.net\/wp-content\/uploads\/2022\/08\/Punkte-Tacho-300x225.png 300w, https:\/\/mpu-berlin.net\/wp-content\/uploads\/2022\/08\/Punkte-Tacho-1024x768.png 1024w, https:\/\/mpu-berlin.net\/wp-content\/uploads\/2022\/08\/Punkte-Tacho-768x576.png 768w, https:\/\/mpu-berlin.net\/wp-content\/uploads\/2022\/08\/Punkte-Tacho-1536x1152.png 1536w, https:\/\/mpu-berlin.net\/wp-content\/uploads\/2022\/08\/Punkte-Tacho-2048x1536.png 2048w\" sizes=\"(max-width: 2224px) 100vw, 2224px\" \/><\/figure><div class=\"wp-block-media-text__content\">\n<h2 class=\"wp-block-heading\">Entzug der Fahrerlaubnis wegen dem Punktestand<\/h2>\n\n\n\n<ul style=\"font-size:15px\"><li>bei Erreichen von 8 Punkten im Verkehrszentralregister Entzug der Fahrerlaubnis&nbsp;<\/li><li>Wiedererlangung erst nach Vorlage einer bestandenen MPU<\/li><\/ul>\n\n\n\n<p style=\"font-size:10px\"><em>Quelle: bmvi.de&nbsp;(dort: BMDV)<\/em><\/p>\n<\/div><\/div>\n<\/div><\/div>\n\n\n\n<div class=\"wp-block-uagb-container uagb-block-b2d6ec8f alignfull uagb-is-root-container\"><div class=\"uagb-container-inner-blocks-wrap\">\n<div class=\"wp-block-media-text alignwide has-media-on-the-right is-stacked-on-mobile\" style=\"grid-template-columns:auto 40%\"><figure class=\"wp-block-media-text__media\"><img decoding=\"async\" loading=\"lazy\" width=\"1510\" height=\"1057\" src=\"https:\/\/mpu-berlin.net\/wp-content\/uploads\/2022\/09\/Unfallrisiko-Kopie.png\" alt=\"\" class=\"wp-image-642 size-full\" srcset=\"https:\/\/mpu-berlin.net\/wp-content\/uploads\/2022\/09\/Unfallrisiko-Kopie.png 1510w, https:\/\/mpu-berlin.net\/wp-content\/uploads\/2022\/09\/Unfallrisiko-Kopie-300x210.png 300w, https:\/\/mpu-berlin.net\/wp-content\/uploads\/2022\/09\/Unfallrisiko-Kopie-1024x717.png 1024w, https:\/\/mpu-berlin.net\/wp-content\/uploads\/2022\/09\/Unfallrisiko-Kopie-768x538.png 768w\" sizes=\"(max-width: 1510px) 100vw, 1510px\" \/><\/figure><div class=\"wp-block-media-text__content\">\n<h2 class=\"wp-block-heading\">Auswirkung von Alkohol auf die Fahrtauglichkeit&nbsp;<\/h2>\n\n\n\n<ul style=\"font-size:15px\"><li>bei steigendem Promillewert steigt die Unfallh\u00e4ufigkeit exponentiell<\/li><li>bei einem Promillewert von 1,6 ist das Unfallrisiko 18fach h\u00f6her als bei einer Fahrt ohne Alkohol<\/li><\/ul>\n\n\n\n<p style=\"font-size:10px\"><em>Quelle: bast.de\/Unfallgef\u00e4hrdung (dort: Bund gegen Alkohol und Drogen im Stra\u00dfenverkehr)<\/em><\/p>\n<\/div><\/div>\n<\/div><\/div>\n\n\n\n<p><\/p>\n\n\n\n<p><\/p>\n\n\n","protected":false},"excerpt":{"rendered":"<p>Die Fahrerlaubnis kann von der F\u00fchrerscheinstelle aus ver\u00adschiedenen Gr\u00fcnden entzogen werden. Die h\u00e4ufigsten Gr\u00fcnde hierf\u00fcr: Alkoholfahrten (\u00fcber 1,6 Promille oder 2x mit geringen Werten innerhalb von 10 Jahren) Punkteansammlung im Zentralregister Fahrten unter Drogeneinfluss (nach BtmG) Um den F\u00fchrerschein zur\u00fcck zu erhalten, kann eine medizinisch-psychologische Untersuchung, die MPU, durchgef\u00fchrt werden. &nbsp; Unsere Aufgabe ist es, &hellip;<\/p>\n<p class=\"read-more\"> <a class=\"\" href=\"https:\/\/mpu-berlin.net\/index.php\/von-rot-auf-gruen-2\/\"> <span class=\"screen-reader-text\">Von rot auf gr\u00fcn<\/span> Weiterlesen &raquo;<\/a><\/p>\n","protected":false},"author":1,"featured_media":0,"parent":0,"menu_order":0,"comment_status":"closed","ping_status":"closed","template":"","meta":{"site-sidebar-layout":"default","site-content-layout":"default","ast-global-header-display":"","ast-main-header-display":"","ast-hfb-above-header-display":"","ast-hfb-below-header-display":"","ast-hfb-mobile-header-display":"","site-post-title":"disabled","ast-breadcrumbs-content":"","ast-featured-img":"","footer-sml-layout":"","theme-transparent-header-meta":"","adv-header-id-meta":"","stick-header-meta":"","header-above-stick-meta":"","header-main-stick-meta":"","header-below-stick-meta":"","footnotes":""},"yoast_head":"<!-- This site is optimized with the Yoast SEO plugin v19.10 - https:\/\/yoast.com\/wordpress\/plugins\/seo\/ -->\n<title>Von rot auf gr\u00fcn -<\/title>\n<meta name=\"robots\" content=\"index, follow, max-snippet:-1, max-image-preview:large, max-video-preview:-1\" \/>\n<link rel=\"canonical\" href=\"https:\/\/mpu-berlin.net\/index.php\/von-rot-auf-gruen-2\/\" \/>\n<meta property=\"og:locale\" content=\"de_DE\" \/>\n<meta property=\"og:type\" content=\"article\" \/>\n<meta property=\"og:title\" content=\"Von rot auf gr\u00fcn -\" \/>\n<meta property=\"og:description\" content=\"Die Fahrerlaubnis kann von der F\u00fchrerscheinstelle aus ver\u00adschiedenen Gr\u00fcnden entzogen werden. Die h\u00e4ufigsten Gr\u00fcnde hierf\u00fcr: Alkoholfahrten (\u00fcber 1,6 Promille oder 2x mit geringen Werten innerhalb von 10 Jahren) Punkteansammlung im Zentralregister Fahrten unter Drogeneinfluss (nach BtmG) Um den F\u00fchrerschein zur\u00fcck zu erhalten, kann eine medizinisch-psychologische Untersuchung, die MPU, durchgef\u00fchrt werden. &nbsp; Unsere Aufgabe ist es, &hellip; Von rot auf gr\u00fcn Weiterlesen &raquo;\" \/>\n<meta property=\"og:url\" content=\"https:\/\/mpu-berlin.net\/index.php\/von-rot-auf-gruen-2\/\" \/>\n<meta property=\"article:modified_time\" content=\"2022-09-14T08:44:26+00:00\" \/>\n<meta property=\"og:image\" content=\"https:\/\/mpu-berlin.net\/wp-content\/uploads\/2022\/09\/traffic-lights-6908699_1920.jpg\" \/>\n<meta name=\"twitter:card\" content=\"summary_large_image\" \/>\n<meta name=\"twitter:label1\" content=\"Gesch\u00e4tzte Lesezeit\" \/>\n\t<meta name=\"twitter:data1\" content=\"1\u00a0Minute\" \/>\n<script type=\"application\/ld+json\" class=\"yoast-schema-graph\">{\"@context\":\"https:\/\/schema.org\",\"@graph\":[{\"@type\":\"WebPage\",\"@id\":\"https:\/\/mpu-berlin.net\/index.php\/von-rot-auf-gruen-2\/\",\"url\":\"https:\/\/mpu-berlin.net\/index.php\/von-rot-auf-gruen-2\/\",\"name\":\"Von rot auf gr\u00fcn -\",\"isPartOf\":{\"@id\":\"https:\/\/mpu-berlin.net\/#website\"},\"datePublished\":\"2022-09-12T21:11:16+00:00\",\"dateModified\":\"2022-09-14T08:44:26+00:00\",\"breadcrumb\":{\"@id\":\"https:\/\/mpu-berlin.net\/index.php\/von-rot-auf-gruen-2\/#breadcrumb\"},\"inLanguage\":\"de\",\"potentialAction\":[{\"@type\":\"ReadAction\",\"target\":[\"https:\/\/mpu-berlin.net\/index.php\/von-rot-auf-gruen-2\/\"]}]},{\"@type\":\"BreadcrumbList\",\"@id\":\"https:\/\/mpu-berlin.net\/index.php\/von-rot-auf-gruen-2\/#breadcrumb\",\"itemListElement\":[{\"@type\":\"ListItem\",\"position\":1,\"name\":\"Startseite\",\"item\":\"https:\/\/mpu-berlin.net\/\"},{\"@type\":\"ListItem\",\"position\":2,\"name\":\"Von rot auf gr\u00fcn\"}]},{\"@type\":\"WebSite\",\"@id\":\"https:\/\/mpu-berlin.net\/#website\",\"url\":\"https:\/\/mpu-berlin.net\/\",\"name\":\"\",\"description\":\"Stefanie Loewe (Wirtschaftspsychologin)\",\"publisher\":{\"@id\":\"https:\/\/mpu-berlin.net\/#organization\"},\"potentialAction\":[{\"@type\":\"SearchAction\",\"target\":{\"@type\":\"EntryPoint\",\"urlTemplate\":\"https:\/\/mpu-berlin.net\/?s={search_term_string}\"},\"query-input\":\"required name=search_term_string\"}],\"inLanguage\":\"de\"},{\"@type\":\"Organization\",\"@id\":\"https:\/\/mpu-berlin.net\/#organization\",\"name\":\"MPU Beratung am S\u00fcdkreuz - Stefanie Loewe\",\"url\":\"https:\/\/mpu-berlin.net\/\",\"logo\":{\"@type\":\"ImageObject\",\"inLanguage\":\"de\",\"@id\":\"https:\/\/mpu-berlin.net\/#\/schema\/logo\/image\/\",\"url\":\"https:\/\/mpu-berlin.net\/wp-content\/uploads\/2023\/10\/MPU_Logo_Bundesplatz_small.png\",\"contentUrl\":\"https:\/\/mpu-berlin.net\/wp-content\/uploads\/2023\/10\/MPU_Logo_Bundesplatz_small.png\",\"width\":500,\"height\":450,\"caption\":\"MPU Beratung am S\u00fcdkreuz - Stefanie Loewe\"},\"image\":{\"@id\":\"https:\/\/mpu-berlin.net\/#\/schema\/logo\/image\/\"}}]}<\/script>\n<!-- \/ Yoast SEO plugin. -->","yoast_head_json":{"title":"Von rot auf gr\u00fcn -","robots":{"index":"index","follow":"follow","max-snippet":"max-snippet:-1","max-image-preview":"max-image-preview:large","max-video-preview":"max-video-preview:-1"},"canonical":"https:\/\/mpu-berlin.net\/index.php\/von-rot-auf-gruen-2\/","og_locale":"de_DE","og_type":"article","og_title":"Von rot auf gr\u00fcn -","og_description":"Die Fahrerlaubnis kann von der F\u00fchrerscheinstelle aus ver\u00adschiedenen Gr\u00fcnden entzogen werden. Die h\u00e4ufigsten Gr\u00fcnde hierf\u00fcr: Alkoholfahrten (\u00fcber 1,6 Promille oder 2x mit geringen Werten innerhalb von 10 Jahren) Punkteansammlung im Zentralregister Fahrten unter Drogeneinfluss (nach BtmG) Um den F\u00fchrerschein zur\u00fcck zu erhalten, kann eine medizinisch-psychologische Untersuchung, die MPU, durchgef\u00fchrt werden. &nbsp; Unsere Aufgabe ist es, &hellip; Von rot auf gr\u00fcn Weiterlesen &raquo;","og_url":"https:\/\/mpu-berlin.net\/index.php\/von-rot-auf-gruen-2\/","article_modified_time":"2022-09-14T08:44:26+00:00","og_image":[{"url":"https:\/\/mpu-berlin.net\/wp-content\/uploads\/2022\/09\/traffic-lights-6908699_1920.jpg"}],"twitter_card":"summary_large_image","twitter_misc":{"Gesch\u00e4tzte Lesezeit":"1\u00a0Minute"},"schema":{"@context":"https:\/\/schema.org","@graph":[{"@type":"WebPage","@id":"https:\/\/mpu-berlin.net\/index.php\/von-rot-auf-gruen-2\/","url":"https:\/\/mpu-berlin.net\/index.php\/von-rot-auf-gruen-2\/","name":"Von rot auf gr\u00fcn -","isPartOf":{"@id":"https:\/\/mpu-berlin.net\/#website"},"datePublished":"2022-09-12T21:11:16+00:00","dateModified":"2022-09-14T08:44:26+00:00","breadcrumb":{"@id":"https:\/\/mpu-berlin.net\/index.php\/von-rot-auf-gruen-2\/#breadcrumb"},"inLanguage":"de","potentialAction":[{"@type":"ReadAction","target":["https:\/\/mpu-berlin.net\/index.php\/von-rot-auf-gruen-2\/"]}]},{"@type":"BreadcrumbList","@id":"https:\/\/mpu-berlin.net\/index.php\/von-rot-auf-gruen-2\/#breadcrumb","itemListElement":[{"@type":"ListItem","position":1,"name":"Startseite","item":"https:\/\/mpu-berlin.net\/"},{"@type":"ListItem","position":2,"name":"Von rot auf gr\u00fcn"}]},{"@type":"WebSite","@id":"https:\/\/mpu-berlin.net\/#website","url":"https:\/\/mpu-berlin.net\/","name":"","description":"Stefanie Loewe (Wirtschaftspsychologin)","publisher":{"@id":"https:\/\/mpu-berlin.net\/#organization"},"potentialAction":[{"@type":"SearchAction","target":{"@type":"EntryPoint","urlTemplate":"https:\/\/mpu-berlin.net\/?s={search_term_string}"},"query-input":"required name=search_term_string"}],"inLanguage":"de"},{"@type":"Organization","@id":"https:\/\/mpu-berlin.net\/#organization","name":"MPU Beratung am S\u00fcdkreuz - Stefanie Loewe","url":"https:\/\/mpu-berlin.net\/","logo":{"@type":"ImageObject","inLanguage":"de","@id":"https:\/\/mpu-berlin.net\/#\/schema\/logo\/image\/","url":"https:\/\/mpu-berlin.net\/wp-content\/uploads\/2023\/10\/MPU_Logo_Bundesplatz_small.png","contentUrl":"https:\/\/mpu-berlin.net\/wp-content\/uploads\/2023\/10\/MPU_Logo_Bundesplatz_small.png","width":500,"height":450,"caption":"MPU Beratung am S\u00fcdkreuz - Stefanie Loewe"},"image":{"@id":"https:\/\/mpu-berlin.net\/#\/schema\/logo\/image\/"}}]}},"uagb_featured_image_src":{"full":false,"thumbnail":false,"medium":false,"medium_large":false,"large":false,"1536x1536":false,"2048x2048":false},"uagb_author_info":{"display_name":"Stefanie","author_link":"https:\/\/mpu-berlin.net\/index.php\/author\/stefanie\/"},"uagb_comment_info":0,"uagb_excerpt":"Die Fahrerlaubnis kann von der F\u00fchrerscheinstelle aus ver\u00adschiedenen Gr\u00fcnden entzogen werden. Die h\u00e4ufigsten Gr\u00fcnde hierf\u00fcr: Alkoholfahrten (\u00fcber 1,6 Promille oder 2x mit geringen Werten innerhalb von 10 Jahren) Punkteansammlung im Zentralregister Fahrten unter Drogeneinfluss (nach BtmG) Um den F\u00fchrerschein zur\u00fcck zu erhalten, kann eine medizinisch-psychologische Untersuchung, die MPU, durchgef\u00fchrt werden. &nbsp; Unsere Aufgabe ist es,&hellip;","_links":{"self":[{"href":"https:\/\/mpu-berlin.net\/index.php\/wp-json\/wp\/v2\/pages\/133"}],"collection":[{"href":"https:\/\/mpu-berlin.net\/index.php\/wp-json\/wp\/v2\/pages"}],"about":[{"href":"https:\/\/mpu-berlin.net\/index.php\/wp-json\/wp\/v2\/types\/page"}],"author":[{"embeddable":true,"href":"https:\/\/mpu-berlin.net\/index.php\/wp-json\/wp\/v2\/users\/1"}],"replies":[{"embeddable":true,"href":"https:\/\/mpu-berlin.net\/index.php\/wp-json\/wp\/v2\/comments?post=133"}],"version-history":[{"count":19,"href":"https:\/\/mpu-berlin.net\/index.php\/wp-json\/wp\/v2\/pages\/133\/revisions"}],"predecessor-version":[{"id":721,"href":"https:\/\/mpu-berlin.net\/index.php\/wp-json\/wp\/v2\/pages\/133\/revisions\/721"}],"wp:attachment":[{"href":"https:\/\/mpu-berlin.net\/index.php\/wp-json\/wp\/v2\/media?parent=133"}],"curies":[{"name":"wp","href":"https:\/\/api.w.org\/{rel}","templated":true}]}}