{"id":17,"date":"2017-08-15T12:20:50","date_gmt":"2017-08-15T10:20:50","guid":{"rendered":"http:\/\/mpu-berlin.net\/Wordpress%20Test\/?page_id=17"},"modified":"2022-09-13T00:11:41","modified_gmt":"2022-09-12T22:11:41","slug":"professionell","status":"publish","type":"page","link":"https:\/\/mpu-berlin.net\/index.php\/professionell\/","title":{"rendered":"Professionell"},"content":{"rendered":"<p>Das psychologische Gespr\u00e4ch mit dem Gutachter folgt einem klar strukturierten Aufbau. In der gemeinsamen Vorbereitung auf Ihr Gespr\u00e4ch machen wir uns diesen Aufbau zunutze. Dadurch werden Sie mit dem Ablauf und den Fragen vertraut und gewinnen Sicherheit f\u00fcr das Gespr\u00e4ch, um den Gutachter von Ihrer Fahrtauglichkeit zu \u00fcberzeugen. Die <em>professionelle<\/em> und umfassende Vorbereitung mit Ihnen basiert auf dem Modell \u201eUEVS\u201c und setzt sich mit den<\/p>\n<p><strong>U<\/strong>rsachen,<br \/>\n<strong>E<\/strong>rkenntnissen,<br \/>\n<strong>V<\/strong>er\u00e4nderungen und der<br \/>\n<strong>S<\/strong>tabilit\u00e4t der Ver\u00e4nderungen<\/p>\n<p>Ihres Verhaltens auseinander. Genau so wie es der Gutachter von Ihnen erwartet. F\u00fcr Ihre erfolgreiche Vorbereitung werden wir gemeinsam Ihr vergangenes Verhalten besprechen und herausarbeiten, wie Sie dar\u00fcber denken und was Sie mittlerweile ver\u00e4ndert haben.<\/p>\n<p>In den Gespr\u00e4chen verbinde ich die Vermittlung von fachlichen Inhalten mit der Erarbeitung Ihrer pers\u00f6nlichen \u201eUEVS\u201c. Dabei unterst\u00fctze ich Sie durch meine fachliche Kompetenz, meine langj\u00e4hrige Erfahrung im Bereich MPU-Vorbereitung und Coaching und meine urteilsfreien Haltung.<\/p>\n<p>Ich bin 1973 in Berlin geboren und schloss zun\u00e4chst eine Ausbildung zur Rechtsanwalts- und Notariatsfachangestellten ab. Nach einigen Jahren entschied ich mich zu dem Studium der Wirtschaftspsychologie. W\u00e4hrend des Studiums durchlief ich eine intensive Ausbildung zum Trainer (\u201eTrain the Trainer\u201c) sowie eine Ausbildung zum Coach. Seit meinem Abschluss arbeite ich im Bereich der MPU-Vorbereitung sowie als Business Coach.<\/p>\n<p>Durch regelm\u00e4\u00dfige Fortbildungen im Bereich \u201eBeurteilung der Fahreignung\u201c und durch Mitgliedschaft in psychologischen Coaching-Verb\u00e4nden halte ich mich fachlich und psychologisch auf dem neuesten Stand.<\/p>\n<p>Dar\u00fcber hinaus arbeite ich seit Jahren im Verbund mit Vorbereitungsstellen in Berlin-Brandenburg, im Karlsruher Raum und im M\u00fcnchner Raum. Hierdurch ist ein reger Austausch \u00fcber Regel- und auch \u00fcber Sonderf\u00e4lle gew\u00e4hrleistet. Bei regelm\u00e4\u00dfige Treffen k\u00f6nnen so F\u00e4lle besprochen und Tipps ausgetauscht werden.<\/p>\n","protected":false},"excerpt":{"rendered":"<p>Das psychologische Gespr\u00e4ch mit dem Gutachter folgt einem klar strukturierten Aufbau. In der gemeinsamen Vorbereitung auf Ihr Gespr\u00e4ch machen wir uns diesen Aufbau zunutze. Dadurch werden Sie mit dem Ablauf und den Fragen vertraut und gewinnen Sicherheit f\u00fcr das Gespr\u00e4ch, um den Gutachter von Ihrer Fahrtauglichkeit zu \u00fcberzeugen. Die professionelle und umfassende Vorbereitung mit Ihnen &hellip;<\/p>\n<p class=\"read-more\"> <a class=\"\" href=\"https:\/\/mpu-berlin.net\/index.php\/professionell\/\"> <span class=\"screen-reader-text\">Professionell<\/span> Weiterlesen &raquo;<\/a><\/p>\n","protected":false},"author":1,"featured_media":44,"parent":0,"menu_order":0,"comment_status":"closed","ping_status":"closed","template":"","meta":{"site-sidebar-layout":"default","site-content-layout":"default","ast-global-header-display":"","ast-main-header-display":"","ast-hfb-above-header-display":"","ast-hfb-below-header-display":"","ast-hfb-mobile-header-display":"","site-post-title":"","ast-breadcrumbs-content":"","ast-featured-img":"","footer-sml-layout":"","theme-transparent-header-meta":"","adv-header-id-meta":"","stick-header-meta":"","header-above-stick-meta":"","header-main-stick-meta":"","header-below-stick-meta":"","footnotes":""},"yoast_head":"<!-- This site is optimized with the Yoast SEO plugin v19.10 - https:\/\/yoast.com\/wordpress\/plugins\/seo\/ -->\n<title>Professionell -<\/title>\n<meta name=\"robots\" content=\"index, follow, max-snippet:-1, max-image-preview:large, max-video-preview:-1\" \/>\n<link rel=\"canonical\" href=\"https:\/\/mpu-berlin.net\/index.php\/professionell\/\" \/>\n<meta property=\"og:locale\" content=\"de_DE\" \/>\n<meta property=\"og:type\" content=\"article\" \/>\n<meta property=\"og:title\" content=\"Professionell -\" \/>\n<meta property=\"og:description\" content=\"Das psychologische Gespr\u00e4ch mit dem Gutachter folgt einem klar strukturierten Aufbau. In der gemeinsamen Vorbereitung auf Ihr Gespr\u00e4ch machen wir uns diesen Aufbau zunutze. Dadurch werden Sie mit dem Ablauf und den Fragen vertraut und gewinnen Sicherheit f\u00fcr das Gespr\u00e4ch, um den Gutachter von Ihrer Fahrtauglichkeit zu \u00fcberzeugen. Die professionelle und umfassende Vorbereitung mit Ihnen &hellip; Professionell Weiterlesen &raquo;\" \/>\n<meta property=\"og:url\" content=\"https:\/\/mpu-berlin.net\/index.php\/professionell\/\" \/>\n<meta property=\"article:modified_time\" content=\"2022-09-12T22:11:41+00:00\" \/>\n<meta property=\"og:image\" content=\"https:\/\/mpu-berlin.net\/wp-content\/uploads\/2017\/08\/Arbeitstisch-1024x576.jpg\" \/>\n\t<meta property=\"og:image:width\" content=\"1024\" \/>\n\t<meta property=\"og:image:height\" content=\"576\" \/>\n\t<meta property=\"og:image:type\" content=\"image\/jpeg\" \/>\n<meta name=\"twitter:card\" content=\"summary_large_image\" \/>\n<meta name=\"twitter:label1\" content=\"Gesch\u00e4tzte Lesezeit\" \/>\n\t<meta name=\"twitter:data1\" content=\"1\u00a0Minute\" \/>\n<script type=\"application\/ld+json\" class=\"yoast-schema-graph\">{\"@context\":\"https:\/\/schema.org\",\"@graph\":[{\"@type\":\"WebPage\",\"@id\":\"https:\/\/mpu-berlin.net\/index.php\/professionell\/\",\"url\":\"https:\/\/mpu-berlin.net\/index.php\/professionell\/\",\"name\":\"Professionell -\",\"isPartOf\":{\"@id\":\"https:\/\/mpu-berlin.net\/#website\"},\"datePublished\":\"2017-08-15T10:20:50+00:00\",\"dateModified\":\"2022-09-12T22:11:41+00:00\",\"breadcrumb\":{\"@id\":\"https:\/\/mpu-berlin.net\/index.php\/professionell\/#breadcrumb\"},\"inLanguage\":\"de\",\"potentialAction\":[{\"@type\":\"ReadAction\",\"target\":[\"https:\/\/mpu-berlin.net\/index.php\/professionell\/\"]}]},{\"@type\":\"BreadcrumbList\",\"@id\":\"https:\/\/mpu-berlin.net\/index.php\/professionell\/#breadcrumb\",\"itemListElement\":[{\"@type\":\"ListItem\",\"position\":1,\"name\":\"Startseite\",\"item\":\"https:\/\/mpu-berlin.net\/\"},{\"@type\":\"ListItem\",\"position\":2,\"name\":\"Professionell\"}]},{\"@type\":\"WebSite\",\"@id\":\"https:\/\/mpu-berlin.net\/#website\",\"url\":\"https:\/\/mpu-berlin.net\/\",\"name\":\"\",\"description\":\"Stefanie Loewe (Wirtschaftspsychologin)\",\"publisher\":{\"@id\":\"https:\/\/mpu-berlin.net\/#organization\"},\"potentialAction\":[{\"@type\":\"SearchAction\",\"target\":{\"@type\":\"EntryPoint\",\"urlTemplate\":\"https:\/\/mpu-berlin.net\/?s={search_term_string}\"},\"query-input\":\"required name=search_term_string\"}],\"inLanguage\":\"de\"},{\"@type\":\"Organization\",\"@id\":\"https:\/\/mpu-berlin.net\/#organization\",\"name\":\"MPU Beratung am S\u00fcdkreuz - Stefanie Loewe\",\"url\":\"https:\/\/mpu-berlin.net\/\",\"logo\":{\"@type\":\"ImageObject\",\"inLanguage\":\"de\",\"@id\":\"https:\/\/mpu-berlin.net\/#\/schema\/logo\/image\/\",\"url\":\"https:\/\/mpu-berlin.net\/wp-content\/uploads\/2023\/10\/MPU_Logo_Bundesplatz_small.png\",\"contentUrl\":\"https:\/\/mpu-berlin.net\/wp-content\/uploads\/2023\/10\/MPU_Logo_Bundesplatz_small.png\",\"width\":500,\"height\":450,\"caption\":\"MPU Beratung am S\u00fcdkreuz - Stefanie Loewe\"},\"image\":{\"@id\":\"https:\/\/mpu-berlin.net\/#\/schema\/logo\/image\/\"}}]}<\/script>\n<!-- \/ Yoast SEO plugin. -->","yoast_head_json":{"title":"Professionell -","robots":{"index":"index","follow":"follow","max-snippet":"max-snippet:-1","max-image-preview":"max-image-preview:large","max-video-preview":"max-video-preview:-1"},"canonical":"https:\/\/mpu-berlin.net\/index.php\/professionell\/","og_locale":"de_DE","og_type":"article","og_title":"Professionell -","og_description":"Das psychologische Gespr\u00e4ch mit dem Gutachter folgt einem klar strukturierten Aufbau. In der gemeinsamen Vorbereitung auf Ihr Gespr\u00e4ch machen wir uns diesen Aufbau zunutze. Dadurch werden Sie mit dem Ablauf und den Fragen vertraut und gewinnen Sicherheit f\u00fcr das Gespr\u00e4ch, um den Gutachter von Ihrer Fahrtauglichkeit zu \u00fcberzeugen. Die professionelle und umfassende Vorbereitung mit Ihnen &hellip; Professionell Weiterlesen &raquo;","og_url":"https:\/\/mpu-berlin.net\/index.php\/professionell\/","article_modified_time":"2022-09-12T22:11:41+00:00","og_image":[{"width":1024,"height":576,"url":"https:\/\/mpu-berlin.net\/wp-content\/uploads\/2017\/08\/Arbeitstisch-1024x576.jpg","type":"image\/jpeg"}],"twitter_card":"summary_large_image","twitter_misc":{"Gesch\u00e4tzte Lesezeit":"1\u00a0Minute"},"schema":{"@context":"https:\/\/schema.org","@graph":[{"@type":"WebPage","@id":"https:\/\/mpu-berlin.net\/index.php\/professionell\/","url":"https:\/\/mpu-berlin.net\/index.php\/professionell\/","name":"Professionell -","isPartOf":{"@id":"https:\/\/mpu-berlin.net\/#website"},"datePublished":"2017-08-15T10:20:50+00:00","dateModified":"2022-09-12T22:11:41+00:00","breadcrumb":{"@id":"https:\/\/mpu-berlin.net\/index.php\/professionell\/#breadcrumb"},"inLanguage":"de","potentialAction":[{"@type":"ReadAction","target":["https:\/\/mpu-berlin.net\/index.php\/professionell\/"]}]},{"@type":"BreadcrumbList","@id":"https:\/\/mpu-berlin.net\/index.php\/professionell\/#breadcrumb","itemListElement":[{"@type":"ListItem","position":1,"name":"Startseite","item":"https:\/\/mpu-berlin.net\/"},{"@type":"ListItem","position":2,"name":"Professionell"}]},{"@type":"WebSite","@id":"https:\/\/mpu-berlin.net\/#website","url":"https:\/\/mpu-berlin.net\/","name":"","description":"Stefanie Loewe (Wirtschaftspsychologin)","publisher":{"@id":"https:\/\/mpu-berlin.net\/#organization"},"potentialAction":[{"@type":"SearchAction","target":{"@type":"EntryPoint","urlTemplate":"https:\/\/mpu-berlin.net\/?s={search_term_string}"},"query-input":"required name=search_term_string"}],"inLanguage":"de"},{"@type":"Organization","@id":"https:\/\/mpu-berlin.net\/#organization","name":"MPU Beratung am S\u00fcdkreuz - Stefanie Loewe","url":"https:\/\/mpu-berlin.net\/","logo":{"@type":"ImageObject","inLanguage":"de","@id":"https:\/\/mpu-berlin.net\/#\/schema\/logo\/image\/","url":"https:\/\/mpu-berlin.net\/wp-content\/uploads\/2023\/10\/MPU_Logo_Bundesplatz_small.png","contentUrl":"https:\/\/mpu-berlin.net\/wp-content\/uploads\/2023\/10\/MPU_Logo_Bundesplatz_small.png","width":500,"height":450,"caption":"MPU Beratung am S\u00fcdkreuz - Stefanie Loewe"},"image":{"@id":"https:\/\/mpu-berlin.net\/#\/schema\/logo\/image\/"}}]}},"uagb_featured_image_src":{"full":["https:\/\/mpu-berlin.net\/wp-content\/uploads\/2017\/08\/Arbeitstisch.jpg",3840,2160,false],"thumbnail":["https:\/\/mpu-berlin.net\/wp-content\/uploads\/2017\/08\/Arbeitstisch-150x150.jpg",150,150,true],"medium":["https:\/\/mpu-berlin.net\/wp-content\/uploads\/2017\/08\/Arbeitstisch-300x169.jpg",300,169,true],"medium_large":["https:\/\/mpu-berlin.net\/wp-content\/uploads\/2017\/08\/Arbeitstisch-768x432.jpg",768,432,true],"large":["https:\/\/mpu-berlin.net\/wp-content\/uploads\/2017\/08\/Arbeitstisch-1024x576.jpg",1024,576,true],"1536x1536":["https:\/\/mpu-berlin.net\/wp-content\/uploads\/2017\/08\/Arbeitstisch.jpg",1536,864,false],"2048x2048":["https:\/\/mpu-berlin.net\/wp-content\/uploads\/2017\/08\/Arbeitstisch.jpg",2048,1152,false]},"uagb_author_info":{"display_name":"Stefanie","author_link":"https:\/\/mpu-berlin.net\/index.php\/author\/stefanie\/"},"uagb_comment_info":0,"uagb_excerpt":"Das psychologische Gespr\u00e4ch mit dem Gutachter folgt einem klar strukturierten Aufbau. In der gemeinsamen Vorbereitung auf Ihr Gespr\u00e4ch machen wir uns diesen Aufbau zunutze. Dadurch werden Sie mit dem Ablauf und den Fragen vertraut und gewinnen Sicherheit f\u00fcr das Gespr\u00e4ch, um den Gutachter von Ihrer Fahrtauglichkeit zu \u00fcberzeugen. Die professionelle und umfassende Vorbereitung mit Ihnen&hellip;","_links":{"self":[{"href":"https:\/\/mpu-berlin.net\/index.php\/wp-json\/wp\/v2\/pages\/17"}],"collection":[{"href":"https:\/\/mpu-berlin.net\/index.php\/wp-json\/wp\/v2\/pages"}],"about":[{"href":"https:\/\/mpu-berlin.net\/index.php\/wp-json\/wp\/v2\/types\/page"}],"author":[{"embeddable":true,"href":"https:\/\/mpu-berlin.net\/index.php\/wp-json\/wp\/v2\/users\/1"}],"replies":[{"embeddable":true,"href":"https:\/\/mpu-berlin.net\/index.php\/wp-json\/wp\/v2\/comments?post=17"}],"version-history":[{"count":32,"href":"https:\/\/mpu-berlin.net\/index.php\/wp-json\/wp\/v2\/pages\/17\/revisions"}],"predecessor-version":[{"id":698,"href":"https:\/\/mpu-berlin.net\/index.php\/wp-json\/wp\/v2\/pages\/17\/revisions\/698"}],"wp:featuredmedia":[{"embeddable":true,"href":"https:\/\/mpu-berlin.net\/index.php\/wp-json\/wp\/v2\/media\/44"}],"wp:attachment":[{"href":"https:\/\/mpu-berlin.net\/index.php\/wp-json\/wp\/v2\/media?parent=17"}],"curies":[{"name":"wp","href":"https:\/\/api.w.org\/{rel}","templated":true}]}}