{"id":2,"date":"2017-08-15T12:02:22","date_gmt":"2017-08-15T10:02:22","guid":{"rendered":"http:\/\/mpu-berlin.net\/Wordpress%20Test\/?page_id=2"},"modified":"2022-09-13T00:15:16","modified_gmt":"2022-09-12T22:15:16","slug":"erfolgreich","status":"publish","type":"page","link":"https:\/\/mpu-berlin.net\/index.php\/erfolgreich\/","title":{"rendered":"Erfolgreich"},"content":{"rendered":"<p>Seit 2010 begleite ich meine Klienten <em>erfolgreich<\/em> auf ihrem Weg, in ihrer medizinisch-psychologischen Untersuchung ein positives Gutachten zu erhalten.<\/p>\n<p>Hierbei lege ich Wert auf eine umfangreiche und nachhaltige Aufarbeitung der Ursachen, der gewonnenen Erkenntnisse, der Ver\u00e4nderungen und der Stabilit\u00e4t der Ver\u00e4nderungen, auf die Reflexion der Delikte sowie auf Informationsvermittlung, damit es bei nur einer MPU bleibt.<\/p>\n<h4>\nKlientenstimmen:<\/h4>\n<p><em>&#8222;Sympathisch kompetent zielorientiert und fair! Hat mir sehr geholfen mein Ziel zu fokussieren!&#8220; J.N.<\/em><\/p>\n<p><em>&#8222;Frau Loewe war f\u00fcr mich eine sehr gute Beraterin, einf\u00fchlsam kompetent und sehr geduldig. Frau Loewe hat mir sehr geholfen wieder eine gute Basis f\u00fcr mich zu finden auch ohne Alkohol zu leben.&#8220;<\/em><em> P.P.<\/em><\/p>\n<div id=\"yui_3_16_0_ym19_1_1510149543179_3339\"><em><span id=\"yui_3_16_0_ym19_1_1510149543179_3306\">&#8222;Ich hatte meinen F\u00fchrerschein zum zweiten Mal verloren und stand der Problematik ziemlich hoffnungslos gegen\u00fcber.<\/span><\/em><\/div>\n<div id=\"yui_3_16_0_ym19_1_1510149543179_3307\"><em><span id=\"yui_3_16_0_ym19_1_1510149543179_3308\">Da es mein zweites Mal war, war mir klar was mich ca. erwartet und das ich f\u00fcr diesen Weg Unterst\u00fctzung ben\u00f6tigen w\u00fcrde.<\/span><\/em><\/div>\n<div id=\"yui_3_16_0_ym19_1_1510149543179_3309\"><em><span id=\"yui_3_16_0_ym19_1_1510149543179_3310\">Dabei bin ich durch Zufall auf die Beratungsstelle von Frau Loewe gesto\u00dfen und bin dar\u00fcber mehr als nur Gl\u00fccklich.<\/span><\/em><\/div>\n<div id=\"yui_3_16_0_ym19_1_1510149543179_3311\"><em><span id=\"yui_3_16_0_ym19_1_1510149543179_3312\">Noch am Anfang hatte ich die Ma\u00dfnahme in Anspruch genommen, um bei der letztendlichen MPU etwas vorweisen zu k\u00f6nnen.<\/span><\/em><\/div>\n<div id=\"yui_3_16_0_ym19_1_1510149543179_3313\"><em><span id=\"yui_3_16_0_ym19_1_1510149543179_3314\">Die Beratung durch Frau Loewe hat mich jedoch viele Ansichten aus einem neuen Blickwinkel betrachten lassen.<\/span><\/em><\/div>\n<div id=\"yui_3_16_0_ym19_1_1510149543179_3315\"><em><span id=\"yui_3_16_0_ym19_1_1510149543179_3316\">Ich hatte jeder Zeit das Gef\u00fchl frei und \u00fcber alles sprechen zu k\u00f6nnen, was mir sehr dabei geholfen hat mich \u00fcber die Zeit mehr und mehr zu \u00f6ffnen und mich somit den eigenen Problemen zu stellen. Frau Loewe schafft es ein unangenehmes Thema in eine angenehme und sehr hilfreiche Unterhaltung zu \u00fcberf\u00fchren.<\/span><\/em><\/div>\n<div id=\"yui_3_16_0_ym19_1_1510149543179_3317\"><em><span id=\"yui_3_16_0_ym19_1_1510149543179_3318\">Sie hat mir gegen meine Vorstellung dazu verholfen die zweite MPU im ersten Durchgang zu bestehen,<\/span><\/em><\/div>\n<div id=\"yui_3_16_0_ym19_1_1510149543179_3319\"><em><span id=\"yui_3_16_0_ym19_1_1510149543179_3320\">wobei ich bei der Beratung auch wirklich das Gef\u00fchl habe das es mich weitergebracht hat.<\/span><\/em><\/div>\n<div id=\"yui_3_16_0_ym19_1_1510149543179_3321\"><em><span id=\"yui_3_16_0_ym19_1_1510149543179_3322\">Ich will mich somit nochmals Herzlich bei Frau Loewe Bedanken und kann ihre Beratung nur weiterempfehlen.&#8220; P.A.<\/span><\/em><\/div>\n<div><\/div>\n<div><\/div>\n","protected":false},"excerpt":{"rendered":"<p>Seit 2010 begleite ich meine Klienten erfolgreich auf ihrem Weg, in ihrer medizinisch-psychologischen Untersuchung ein positives Gutachten zu erhalten. Hierbei lege ich Wert auf eine umfangreiche und nachhaltige Aufarbeitung der Ursachen, der gewonnenen Erkenntnisse, der Ver\u00e4nderungen und der Stabilit\u00e4t der Ver\u00e4nderungen, auf die Reflexion der Delikte sowie auf Informationsvermittlung, damit es bei nur einer MPU &hellip;<\/p>\n<p class=\"read-more\"> <a class=\"\" href=\"https:\/\/mpu-berlin.net\/index.php\/erfolgreich\/\"> <span class=\"screen-reader-text\">Erfolgreich<\/span> Weiterlesen &raquo;<\/a><\/p>\n","protected":false},"author":1,"featured_media":700,"parent":0,"menu_order":0,"comment_status":"closed","ping_status":"open","template":"","meta":{"site-sidebar-layout":"default","site-content-layout":"default","ast-global-header-display":"","ast-main-header-display":"","ast-hfb-above-header-display":"","ast-hfb-below-header-display":"","ast-hfb-mobile-header-display":"","site-post-title":"","ast-breadcrumbs-content":"","ast-featured-img":"","footer-sml-layout":"","theme-transparent-header-meta":"","adv-header-id-meta":"","stick-header-meta":"","header-above-stick-meta":"","header-main-stick-meta":"","header-below-stick-meta":"","footnotes":""},"yoast_head":"<!-- This site is optimized with the Yoast SEO plugin v19.10 - https:\/\/yoast.com\/wordpress\/plugins\/seo\/ -->\n<title>Erfolgreich -<\/title>\n<meta name=\"robots\" content=\"index, follow, max-snippet:-1, max-image-preview:large, max-video-preview:-1\" \/>\n<link rel=\"canonical\" href=\"https:\/\/mpu-berlin.net\/index.php\/erfolgreich\/\" \/>\n<meta property=\"og:locale\" content=\"de_DE\" \/>\n<meta property=\"og:type\" content=\"article\" \/>\n<meta property=\"og:title\" content=\"Erfolgreich -\" \/>\n<meta property=\"og:description\" content=\"Seit 2010 begleite ich meine Klienten erfolgreich auf ihrem Weg, in ihrer medizinisch-psychologischen Untersuchung ein positives Gutachten zu erhalten. Hierbei lege ich Wert auf eine umfangreiche und nachhaltige Aufarbeitung der Ursachen, der gewonnenen Erkenntnisse, der Ver\u00e4nderungen und der Stabilit\u00e4t der Ver\u00e4nderungen, auf die Reflexion der Delikte sowie auf Informationsvermittlung, damit es bei nur einer MPU &hellip; Erfolgreich Weiterlesen &raquo;\" \/>\n<meta property=\"og:url\" content=\"https:\/\/mpu-berlin.net\/index.php\/erfolgreich\/\" \/>\n<meta property=\"article:modified_time\" content=\"2022-09-12T22:15:16+00:00\" \/>\n<meta property=\"og:image\" content=\"https:\/\/mpu-berlin.net\/wp-content\/uploads\/2022\/09\/arrow-2886223_1920.jpg\" \/>\n\t<meta property=\"og:image:width\" content=\"1920\" \/>\n\t<meta property=\"og:image:height\" content=\"1152\" \/>\n\t<meta property=\"og:image:type\" content=\"image\/jpeg\" \/>\n<meta name=\"twitter:card\" content=\"summary_large_image\" \/>\n<meta name=\"twitter:label1\" content=\"Gesch\u00e4tzte Lesezeit\" \/>\n\t<meta name=\"twitter:data1\" content=\"2\u00a0Minuten\" \/>\n<script type=\"application\/ld+json\" class=\"yoast-schema-graph\">{\"@context\":\"https:\/\/schema.org\",\"@graph\":[{\"@type\":\"WebPage\",\"@id\":\"https:\/\/mpu-berlin.net\/index.php\/erfolgreich\/\",\"url\":\"https:\/\/mpu-berlin.net\/index.php\/erfolgreich\/\",\"name\":\"Erfolgreich -\",\"isPartOf\":{\"@id\":\"https:\/\/mpu-berlin.net\/#website\"},\"datePublished\":\"2017-08-15T10:02:22+00:00\",\"dateModified\":\"2022-09-12T22:15:16+00:00\",\"breadcrumb\":{\"@id\":\"https:\/\/mpu-berlin.net\/index.php\/erfolgreich\/#breadcrumb\"},\"inLanguage\":\"de\",\"potentialAction\":[{\"@type\":\"ReadAction\",\"target\":[\"https:\/\/mpu-berlin.net\/index.php\/erfolgreich\/\"]}]},{\"@type\":\"BreadcrumbList\",\"@id\":\"https:\/\/mpu-berlin.net\/index.php\/erfolgreich\/#breadcrumb\",\"itemListElement\":[{\"@type\":\"ListItem\",\"position\":1,\"name\":\"Startseite\",\"item\":\"https:\/\/mpu-berlin.net\/\"},{\"@type\":\"ListItem\",\"position\":2,\"name\":\"Erfolgreich\"}]},{\"@type\":\"WebSite\",\"@id\":\"https:\/\/mpu-berlin.net\/#website\",\"url\":\"https:\/\/mpu-berlin.net\/\",\"name\":\"\",\"description\":\"Stefanie Loewe (Wirtschaftspsychologin)\",\"publisher\":{\"@id\":\"https:\/\/mpu-berlin.net\/#organization\"},\"potentialAction\":[{\"@type\":\"SearchAction\",\"target\":{\"@type\":\"EntryPoint\",\"urlTemplate\":\"https:\/\/mpu-berlin.net\/?s={search_term_string}\"},\"query-input\":\"required name=search_term_string\"}],\"inLanguage\":\"de\"},{\"@type\":\"Organization\",\"@id\":\"https:\/\/mpu-berlin.net\/#organization\",\"name\":\"MPU Beratung am S\u00fcdkreuz - Stefanie Loewe\",\"url\":\"https:\/\/mpu-berlin.net\/\",\"logo\":{\"@type\":\"ImageObject\",\"inLanguage\":\"de\",\"@id\":\"https:\/\/mpu-berlin.net\/#\/schema\/logo\/image\/\",\"url\":\"https:\/\/mpu-berlin.net\/wp-content\/uploads\/2023\/10\/MPU_Logo_Bundesplatz_small.png\",\"contentUrl\":\"https:\/\/mpu-berlin.net\/wp-content\/uploads\/2023\/10\/MPU_Logo_Bundesplatz_small.png\",\"width\":500,\"height\":450,\"caption\":\"MPU Beratung am S\u00fcdkreuz - Stefanie Loewe\"},\"image\":{\"@id\":\"https:\/\/mpu-berlin.net\/#\/schema\/logo\/image\/\"}}]}<\/script>\n<!-- \/ Yoast SEO plugin. -->","yoast_head_json":{"title":"Erfolgreich -","robots":{"index":"index","follow":"follow","max-snippet":"max-snippet:-1","max-image-preview":"max-image-preview:large","max-video-preview":"max-video-preview:-1"},"canonical":"https:\/\/mpu-berlin.net\/index.php\/erfolgreich\/","og_locale":"de_DE","og_type":"article","og_title":"Erfolgreich -","og_description":"Seit 2010 begleite ich meine Klienten erfolgreich auf ihrem Weg, in ihrer medizinisch-psychologischen Untersuchung ein positives Gutachten zu erhalten. Hierbei lege ich Wert auf eine umfangreiche und nachhaltige Aufarbeitung der Ursachen, der gewonnenen Erkenntnisse, der Ver\u00e4nderungen und der Stabilit\u00e4t der Ver\u00e4nderungen, auf die Reflexion der Delikte sowie auf Informationsvermittlung, damit es bei nur einer MPU &hellip; Erfolgreich Weiterlesen &raquo;","og_url":"https:\/\/mpu-berlin.net\/index.php\/erfolgreich\/","article_modified_time":"2022-09-12T22:15:16+00:00","og_image":[{"width":1920,"height":1152,"url":"https:\/\/mpu-berlin.net\/wp-content\/uploads\/2022\/09\/arrow-2886223_1920.jpg","type":"image\/jpeg"}],"twitter_card":"summary_large_image","twitter_misc":{"Gesch\u00e4tzte Lesezeit":"2\u00a0Minuten"},"schema":{"@context":"https:\/\/schema.org","@graph":[{"@type":"WebPage","@id":"https:\/\/mpu-berlin.net\/index.php\/erfolgreich\/","url":"https:\/\/mpu-berlin.net\/index.php\/erfolgreich\/","name":"Erfolgreich -","isPartOf":{"@id":"https:\/\/mpu-berlin.net\/#website"},"datePublished":"2017-08-15T10:02:22+00:00","dateModified":"2022-09-12T22:15:16+00:00","breadcrumb":{"@id":"https:\/\/mpu-berlin.net\/index.php\/erfolgreich\/#breadcrumb"},"inLanguage":"de","potentialAction":[{"@type":"ReadAction","target":["https:\/\/mpu-berlin.net\/index.php\/erfolgreich\/"]}]},{"@type":"BreadcrumbList","@id":"https:\/\/mpu-berlin.net\/index.php\/erfolgreich\/#breadcrumb","itemListElement":[{"@type":"ListItem","position":1,"name":"Startseite","item":"https:\/\/mpu-berlin.net\/"},{"@type":"ListItem","position":2,"name":"Erfolgreich"}]},{"@type":"WebSite","@id":"https:\/\/mpu-berlin.net\/#website","url":"https:\/\/mpu-berlin.net\/","name":"","description":"Stefanie Loewe (Wirtschaftspsychologin)","publisher":{"@id":"https:\/\/mpu-berlin.net\/#organization"},"potentialAction":[{"@type":"SearchAction","target":{"@type":"EntryPoint","urlTemplate":"https:\/\/mpu-berlin.net\/?s={search_term_string}"},"query-input":"required name=search_term_string"}],"inLanguage":"de"},{"@type":"Organization","@id":"https:\/\/mpu-berlin.net\/#organization","name":"MPU Beratung am S\u00fcdkreuz - Stefanie Loewe","url":"https:\/\/mpu-berlin.net\/","logo":{"@type":"ImageObject","inLanguage":"de","@id":"https:\/\/mpu-berlin.net\/#\/schema\/logo\/image\/","url":"https:\/\/mpu-berlin.net\/wp-content\/uploads\/2023\/10\/MPU_Logo_Bundesplatz_small.png","contentUrl":"https:\/\/mpu-berlin.net\/wp-content\/uploads\/2023\/10\/MPU_Logo_Bundesplatz_small.png","width":500,"height":450,"caption":"MPU Beratung am S\u00fcdkreuz - Stefanie Loewe"},"image":{"@id":"https:\/\/mpu-berlin.net\/#\/schema\/logo\/image\/"}}]}},"uagb_featured_image_src":{"full":["https:\/\/mpu-berlin.net\/wp-content\/uploads\/2022\/09\/arrow-2886223_1920.jpg",1920,1152,false],"thumbnail":["https:\/\/mpu-berlin.net\/wp-content\/uploads\/2022\/09\/arrow-2886223_1920-150x150.jpg",150,150,true],"medium":["https:\/\/mpu-berlin.net\/wp-content\/uploads\/2022\/09\/arrow-2886223_1920-300x180.jpg",300,180,true],"medium_large":["https:\/\/mpu-berlin.net\/wp-content\/uploads\/2022\/09\/arrow-2886223_1920-768x461.jpg",768,461,true],"large":["https:\/\/mpu-berlin.net\/wp-content\/uploads\/2022\/09\/arrow-2886223_1920-1024x614.jpg",1024,614,true],"1536x1536":["https:\/\/mpu-berlin.net\/wp-content\/uploads\/2022\/09\/arrow-2886223_1920-1536x922.jpg",1536,922,true],"2048x2048":["https:\/\/mpu-berlin.net\/wp-content\/uploads\/2022\/09\/arrow-2886223_1920.jpg",1920,1152,false]},"uagb_author_info":{"display_name":"Stefanie","author_link":"https:\/\/mpu-berlin.net\/index.php\/author\/stefanie\/"},"uagb_comment_info":0,"uagb_excerpt":"Seit 2010 begleite ich meine Klienten erfolgreich auf ihrem Weg, in ihrer medizinisch-psychologischen Untersuchung ein positives Gutachten zu erhalten. Hierbei lege ich Wert auf eine umfangreiche und nachhaltige Aufarbeitung der Ursachen, der gewonnenen Erkenntnisse, der Ver\u00e4nderungen und der Stabilit\u00e4t der Ver\u00e4nderungen, auf die Reflexion der Delikte sowie auf Informationsvermittlung, damit es bei nur einer MPU&hellip;","_links":{"self":[{"href":"https:\/\/mpu-berlin.net\/index.php\/wp-json\/wp\/v2\/pages\/2"}],"collection":[{"href":"https:\/\/mpu-berlin.net\/index.php\/wp-json\/wp\/v2\/pages"}],"about":[{"href":"https:\/\/mpu-berlin.net\/index.php\/wp-json\/wp\/v2\/types\/page"}],"author":[{"embeddable":true,"href":"https:\/\/mpu-berlin.net\/index.php\/wp-json\/wp\/v2\/users\/1"}],"replies":[{"embeddable":true,"href":"https:\/\/mpu-berlin.net\/index.php\/wp-json\/wp\/v2\/comments?post=2"}],"version-history":[{"count":17,"href":"https:\/\/mpu-berlin.net\/index.php\/wp-json\/wp\/v2\/pages\/2\/revisions"}],"predecessor-version":[{"id":701,"href":"https:\/\/mpu-berlin.net\/index.php\/wp-json\/wp\/v2\/pages\/2\/revisions\/701"}],"wp:featuredmedia":[{"embeddable":true,"href":"https:\/\/mpu-berlin.net\/index.php\/wp-json\/wp\/v2\/media\/700"}],"wp:attachment":[{"href":"https:\/\/mpu-berlin.net\/index.php\/wp-json\/wp\/v2\/media?parent=2"}],"curies":[{"name":"wp","href":"https:\/\/api.w.org\/{rel}","templated":true}]}}