{"id":20,"date":"2017-08-15T12:20:50","date_gmt":"2017-08-15T10:20:50","guid":{"rendered":"http:\/\/mpu-berlin.net\/Wordpress%20Test\/?page_id=20"},"modified":"2022-09-13T00:10:44","modified_gmt":"2022-09-12T22:10:44","slug":"individuell","status":"publish","type":"page","link":"https:\/\/mpu-berlin.net\/index.php\/individuell\/","title":{"rendered":"Individuell"},"content":{"rendered":"<p>Ich biete Ihnen eine <em>individuell<\/em> auf Sie abgestimmte Vorbereitung auf Ihre medizinisch-psychologische Untersuchung. Das bedeutet&#8230;<\/p>\n<ul>\n<li>ausschlie\u00dflich Einzelgespr\u00e4che in Sitzungen \u00e1 50 Minuten.<\/li>\n<li>nur Abrechnung der Sitzungen, die Sie individuell ben\u00f6tigen, keine Pauschalpreise.<\/li>\n<li>individuelles Eingehen auf Ihren pers\u00f6nlichen Fall.<\/li>\n<li>die Durchf\u00fchrung der Sitzungen in pers\u00f6nlicher und unverschulter Gespr\u00e4chsatmosph\u00e4re.<\/li>\n<li>eine auf Ihr Vorwissen angepasste Informationsvermittlung.<\/li>\n<li>die Durchf\u00fchrung der Vorbereitung mit dem stets gleichen Gespr\u00e4chspartner.<\/li>\n<\/ul>\n<p>Ich vermittle Ihnen Informationen, unter anderem \u00fcber&#8230;<\/p>\n<div id=\"liste\">\n<ul>\n<li>den Ablauf einer MPU.<\/li>\n<li>die Auswirkungen von Alkohol oder Drogen auf den Stra\u00dfenverkehr.<\/li>\n<li>die Berechnung von Promillewerten.<\/li>\n<\/ul>\n<p>Ich spreche mit Ihnen \u00fcber&#8230;<\/p>\n<ul>\n<li>Ihre pers\u00f6nlichen Motive (Alkohol-\/Drogenkonsum, Verhalten im Stra\u00dfenverkehr).<\/li>\n<li>Ihre Einstellung zu Alkohol, Drogen und\/oder Ihr Verhalten im Stra\u00dfenverkehr.<\/li>\n<li>Auswirkung von Alkohol und Drogen auf Ihr Leben.<\/li>\n<\/ul>\n<p>Ich erarbeite mit Ihnen&#8230;<\/p>\n<ul>\n<li>die Ursachen, die zu den Delikten gef\u00fchrt haben.<\/li>\n<li>die Erkenntnisse, die Sie gewonnen haben.<\/li>\n<li>die herbeigef\u00fchrten Ver\u00e4nderungen.<\/li>\n<li>Stabilit\u00e4t der herbeigef\u00fchrten Ver\u00e4nderungen.<\/li>\n<li>Ihre pers\u00f6nlichen Vermeidungsstrategien.<\/li>\n<\/ul>\n<\/div>\n<p>So bereiten wir Sie gemeinsam bestm\u00f6glich auf Ihre MPU vor.<\/p>\n","protected":false},"excerpt":{"rendered":"<p>Ich biete Ihnen eine individuell auf Sie abgestimmte Vorbereitung auf Ihre medizinisch-psychologische Untersuchung. Das bedeutet&#8230; ausschlie\u00dflich Einzelgespr\u00e4che in Sitzungen \u00e1 50 Minuten. nur Abrechnung der Sitzungen, die Sie individuell ben\u00f6tigen, keine Pauschalpreise. individuelles Eingehen auf Ihren pers\u00f6nlichen Fall. die Durchf\u00fchrung der Sitzungen in pers\u00f6nlicher und unverschulter Gespr\u00e4chsatmosph\u00e4re. eine auf Ihr Vorwissen angepasste Informationsvermittlung. die Durchf\u00fchrung &hellip;<\/p>\n<p class=\"read-more\"> <a class=\"\" href=\"https:\/\/mpu-berlin.net\/index.php\/individuell\/\"> <span class=\"screen-reader-text\">Individuell<\/span> Weiterlesen &raquo;<\/a><\/p>\n","protected":false},"author":1,"featured_media":45,"parent":0,"menu_order":0,"comment_status":"closed","ping_status":"closed","template":"","meta":{"site-sidebar-layout":"default","site-content-layout":"default","ast-global-header-display":"","ast-main-header-display":"","ast-hfb-above-header-display":"","ast-hfb-below-header-display":"","ast-hfb-mobile-header-display":"","site-post-title":"","ast-breadcrumbs-content":"","ast-featured-img":"","footer-sml-layout":"","theme-transparent-header-meta":"","adv-header-id-meta":"","stick-header-meta":"","header-above-stick-meta":"","header-main-stick-meta":"","header-below-stick-meta":"","footnotes":""},"yoast_head":"<!-- This site is optimized with the Yoast SEO plugin v19.10 - https:\/\/yoast.com\/wordpress\/plugins\/seo\/ -->\n<title>Individuell -<\/title>\n<meta name=\"robots\" content=\"index, follow, max-snippet:-1, max-image-preview:large, max-video-preview:-1\" \/>\n<link rel=\"canonical\" href=\"https:\/\/mpu-berlin.net\/index.php\/individuell\/\" \/>\n<meta property=\"og:locale\" content=\"de_DE\" \/>\n<meta property=\"og:type\" content=\"article\" \/>\n<meta property=\"og:title\" content=\"Individuell -\" \/>\n<meta property=\"og:description\" content=\"Ich biete Ihnen eine individuell auf Sie abgestimmte Vorbereitung auf Ihre medizinisch-psychologische Untersuchung. Das bedeutet&#8230; ausschlie\u00dflich Einzelgespr\u00e4che in Sitzungen \u00e1 50 Minuten. nur Abrechnung der Sitzungen, die Sie individuell ben\u00f6tigen, keine Pauschalpreise. individuelles Eingehen auf Ihren pers\u00f6nlichen Fall. die Durchf\u00fchrung der Sitzungen in pers\u00f6nlicher und unverschulter Gespr\u00e4chsatmosph\u00e4re. eine auf Ihr Vorwissen angepasste Informationsvermittlung. die Durchf\u00fchrung &hellip; Individuell Weiterlesen &raquo;\" \/>\n<meta property=\"og:url\" content=\"https:\/\/mpu-berlin.net\/index.php\/individuell\/\" \/>\n<meta property=\"article:modified_time\" content=\"2022-09-12T22:10:44+00:00\" \/>\n<meta property=\"og:image\" content=\"https:\/\/mpu-berlin.net\/wp-content\/uploads\/2017\/08\/Gespr\u00e4chsecke.jpg\" \/>\n\t<meta property=\"og:image:width\" content=\"1280\" \/>\n\t<meta property=\"og:image:height\" content=\"720\" \/>\n\t<meta property=\"og:image:type\" content=\"image\/jpeg\" \/>\n<meta name=\"twitter:card\" content=\"summary_large_image\" \/>\n<meta name=\"twitter:label1\" content=\"Gesch\u00e4tzte Lesezeit\" \/>\n\t<meta name=\"twitter:data1\" content=\"1\u00a0Minute\" \/>\n<script type=\"application\/ld+json\" class=\"yoast-schema-graph\">{\"@context\":\"https:\/\/schema.org\",\"@graph\":[{\"@type\":\"WebPage\",\"@id\":\"https:\/\/mpu-berlin.net\/index.php\/individuell\/\",\"url\":\"https:\/\/mpu-berlin.net\/index.php\/individuell\/\",\"name\":\"Individuell -\",\"isPartOf\":{\"@id\":\"https:\/\/mpu-berlin.net\/#website\"},\"datePublished\":\"2017-08-15T10:20:50+00:00\",\"dateModified\":\"2022-09-12T22:10:44+00:00\",\"breadcrumb\":{\"@id\":\"https:\/\/mpu-berlin.net\/index.php\/individuell\/#breadcrumb\"},\"inLanguage\":\"de\",\"potentialAction\":[{\"@type\":\"ReadAction\",\"target\":[\"https:\/\/mpu-berlin.net\/index.php\/individuell\/\"]}]},{\"@type\":\"BreadcrumbList\",\"@id\":\"https:\/\/mpu-berlin.net\/index.php\/individuell\/#breadcrumb\",\"itemListElement\":[{\"@type\":\"ListItem\",\"position\":1,\"name\":\"Startseite\",\"item\":\"https:\/\/mpu-berlin.net\/\"},{\"@type\":\"ListItem\",\"position\":2,\"name\":\"Individuell\"}]},{\"@type\":\"WebSite\",\"@id\":\"https:\/\/mpu-berlin.net\/#website\",\"url\":\"https:\/\/mpu-berlin.net\/\",\"name\":\"\",\"description\":\"Stefanie Loewe (Wirtschaftspsychologin)\",\"publisher\":{\"@id\":\"https:\/\/mpu-berlin.net\/#organization\"},\"potentialAction\":[{\"@type\":\"SearchAction\",\"target\":{\"@type\":\"EntryPoint\",\"urlTemplate\":\"https:\/\/mpu-berlin.net\/?s={search_term_string}\"},\"query-input\":\"required name=search_term_string\"}],\"inLanguage\":\"de\"},{\"@type\":\"Organization\",\"@id\":\"https:\/\/mpu-berlin.net\/#organization\",\"name\":\"MPU Beratung am S\u00fcdkreuz - Stefanie Loewe\",\"url\":\"https:\/\/mpu-berlin.net\/\",\"logo\":{\"@type\":\"ImageObject\",\"inLanguage\":\"de\",\"@id\":\"https:\/\/mpu-berlin.net\/#\/schema\/logo\/image\/\",\"url\":\"https:\/\/mpu-berlin.net\/wp-content\/uploads\/2023\/10\/MPU_Logo_Bundesplatz_small.png\",\"contentUrl\":\"https:\/\/mpu-berlin.net\/wp-content\/uploads\/2023\/10\/MPU_Logo_Bundesplatz_small.png\",\"width\":500,\"height\":450,\"caption\":\"MPU Beratung am S\u00fcdkreuz - Stefanie Loewe\"},\"image\":{\"@id\":\"https:\/\/mpu-berlin.net\/#\/schema\/logo\/image\/\"}}]}<\/script>\n<!-- \/ Yoast SEO plugin. -->","yoast_head_json":{"title":"Individuell -","robots":{"index":"index","follow":"follow","max-snippet":"max-snippet:-1","max-image-preview":"max-image-preview:large","max-video-preview":"max-video-preview:-1"},"canonical":"https:\/\/mpu-berlin.net\/index.php\/individuell\/","og_locale":"de_DE","og_type":"article","og_title":"Individuell -","og_description":"Ich biete Ihnen eine individuell auf Sie abgestimmte Vorbereitung auf Ihre medizinisch-psychologische Untersuchung. Das bedeutet&#8230; ausschlie\u00dflich Einzelgespr\u00e4che in Sitzungen \u00e1 50 Minuten. nur Abrechnung der Sitzungen, die Sie individuell ben\u00f6tigen, keine Pauschalpreise. individuelles Eingehen auf Ihren pers\u00f6nlichen Fall. die Durchf\u00fchrung der Sitzungen in pers\u00f6nlicher und unverschulter Gespr\u00e4chsatmosph\u00e4re. eine auf Ihr Vorwissen angepasste Informationsvermittlung. die Durchf\u00fchrung &hellip; Individuell Weiterlesen &raquo;","og_url":"https:\/\/mpu-berlin.net\/index.php\/individuell\/","article_modified_time":"2022-09-12T22:10:44+00:00","og_image":[{"width":1280,"height":720,"url":"https:\/\/mpu-berlin.net\/wp-content\/uploads\/2017\/08\/Gespr\u00e4chsecke.jpg","type":"image\/jpeg"}],"twitter_card":"summary_large_image","twitter_misc":{"Gesch\u00e4tzte Lesezeit":"1\u00a0Minute"},"schema":{"@context":"https:\/\/schema.org","@graph":[{"@type":"WebPage","@id":"https:\/\/mpu-berlin.net\/index.php\/individuell\/","url":"https:\/\/mpu-berlin.net\/index.php\/individuell\/","name":"Individuell -","isPartOf":{"@id":"https:\/\/mpu-berlin.net\/#website"},"datePublished":"2017-08-15T10:20:50+00:00","dateModified":"2022-09-12T22:10:44+00:00","breadcrumb":{"@id":"https:\/\/mpu-berlin.net\/index.php\/individuell\/#breadcrumb"},"inLanguage":"de","potentialAction":[{"@type":"ReadAction","target":["https:\/\/mpu-berlin.net\/index.php\/individuell\/"]}]},{"@type":"BreadcrumbList","@id":"https:\/\/mpu-berlin.net\/index.php\/individuell\/#breadcrumb","itemListElement":[{"@type":"ListItem","position":1,"name":"Startseite","item":"https:\/\/mpu-berlin.net\/"},{"@type":"ListItem","position":2,"name":"Individuell"}]},{"@type":"WebSite","@id":"https:\/\/mpu-berlin.net\/#website","url":"https:\/\/mpu-berlin.net\/","name":"","description":"Stefanie Loewe (Wirtschaftspsychologin)","publisher":{"@id":"https:\/\/mpu-berlin.net\/#organization"},"potentialAction":[{"@type":"SearchAction","target":{"@type":"EntryPoint","urlTemplate":"https:\/\/mpu-berlin.net\/?s={search_term_string}"},"query-input":"required name=search_term_string"}],"inLanguage":"de"},{"@type":"Organization","@id":"https:\/\/mpu-berlin.net\/#organization","name":"MPU Beratung am S\u00fcdkreuz - Stefanie Loewe","url":"https:\/\/mpu-berlin.net\/","logo":{"@type":"ImageObject","inLanguage":"de","@id":"https:\/\/mpu-berlin.net\/#\/schema\/logo\/image\/","url":"https:\/\/mpu-berlin.net\/wp-content\/uploads\/2023\/10\/MPU_Logo_Bundesplatz_small.png","contentUrl":"https:\/\/mpu-berlin.net\/wp-content\/uploads\/2023\/10\/MPU_Logo_Bundesplatz_small.png","width":500,"height":450,"caption":"MPU Beratung am S\u00fcdkreuz - Stefanie Loewe"},"image":{"@id":"https:\/\/mpu-berlin.net\/#\/schema\/logo\/image\/"}}]}},"uagb_featured_image_src":{"full":["https:\/\/mpu-berlin.net\/wp-content\/uploads\/2017\/08\/Gespr\u00e4chsecke.jpg",1280,720,false],"thumbnail":["https:\/\/mpu-berlin.net\/wp-content\/uploads\/2017\/08\/Gespr\u00e4chsecke-150x150.jpg",150,150,true],"medium":["https:\/\/mpu-berlin.net\/wp-content\/uploads\/2017\/08\/Gespr\u00e4chsecke-300x169.jpg",300,169,true],"medium_large":["https:\/\/mpu-berlin.net\/wp-content\/uploads\/2017\/08\/Gespr\u00e4chsecke-768x432.jpg",768,432,true],"large":["https:\/\/mpu-berlin.net\/wp-content\/uploads\/2017\/08\/Gespr\u00e4chsecke-1024x576.jpg",1024,576,true],"1536x1536":["https:\/\/mpu-berlin.net\/wp-content\/uploads\/2017\/08\/Gespr\u00e4chsecke.jpg",1280,720,false],"2048x2048":["https:\/\/mpu-berlin.net\/wp-content\/uploads\/2017\/08\/Gespr\u00e4chsecke.jpg",1280,720,false]},"uagb_author_info":{"display_name":"Stefanie","author_link":"https:\/\/mpu-berlin.net\/index.php\/author\/stefanie\/"},"uagb_comment_info":0,"uagb_excerpt":"Ich biete Ihnen eine individuell auf Sie abgestimmte Vorbereitung auf Ihre medizinisch-psychologische Untersuchung. Das bedeutet&#8230; ausschlie\u00dflich Einzelgespr\u00e4che in Sitzungen \u00e1 50 Minuten. nur Abrechnung der Sitzungen, die Sie individuell ben\u00f6tigen, keine Pauschalpreise. individuelles Eingehen auf Ihren pers\u00f6nlichen Fall. die Durchf\u00fchrung der Sitzungen in pers\u00f6nlicher und unverschulter Gespr\u00e4chsatmosph\u00e4re. eine auf Ihr Vorwissen angepasste Informationsvermittlung. die Durchf\u00fchrung&hellip;","_links":{"self":[{"href":"https:\/\/mpu-berlin.net\/index.php\/wp-json\/wp\/v2\/pages\/20"}],"collection":[{"href":"https:\/\/mpu-berlin.net\/index.php\/wp-json\/wp\/v2\/pages"}],"about":[{"href":"https:\/\/mpu-berlin.net\/index.php\/wp-json\/wp\/v2\/types\/page"}],"author":[{"embeddable":true,"href":"https:\/\/mpu-berlin.net\/index.php\/wp-json\/wp\/v2\/users\/1"}],"replies":[{"embeddable":true,"href":"https:\/\/mpu-berlin.net\/index.php\/wp-json\/wp\/v2\/comments?post=20"}],"version-history":[{"count":20,"href":"https:\/\/mpu-berlin.net\/index.php\/wp-json\/wp\/v2\/pages\/20\/revisions"}],"predecessor-version":[{"id":697,"href":"https:\/\/mpu-berlin.net\/index.php\/wp-json\/wp\/v2\/pages\/20\/revisions\/697"}],"wp:featuredmedia":[{"embeddable":true,"href":"https:\/\/mpu-berlin.net\/index.php\/wp-json\/wp\/v2\/media\/45"}],"wp:attachment":[{"href":"https:\/\/mpu-berlin.net\/index.php\/wp-json\/wp\/v2\/media?parent=20"}],"curies":[{"name":"wp","href":"https:\/\/api.w.org\/{rel}","templated":true}]}}