{"id":547,"date":"2022-08-28T14:06:28","date_gmt":"2022-08-28T12:06:28","guid":{"rendered":"https:\/\/mpu-berlin.net\/?page_id=547"},"modified":"2023-10-09T10:51:10","modified_gmt":"2023-10-09T08:51:10","slug":"547-2","status":"publish","type":"page","link":"https:\/\/mpu-berlin.net\/","title":{"rendered":"Startseite"},"content":{"rendered":"\n<div class=\"wp-block-cover alignfull is-light is-position-center-center\" style=\"padding-top:0px;min-height:800px\"><span aria-hidden=\"true\" class=\"wp-block-cover__background has-background-dim-0 has-background-dim\"><\/span><img decoding=\"async\" loading=\"lazy\" width=\"2560\" height=\"1707\" class=\"wp-block-cover__image-background wp-image-616\" alt=\"\" src=\"https:\/\/mpu-berlin.net\/wp-content\/uploads\/2022\/08\/city-4468570-Kopie-1-scaled.jpg\" style=\"object-position:80% 52%\" data-object-fit=\"cover\" data-object-position=\"80% 52%\" srcset=\"https:\/\/mpu-berlin.net\/wp-content\/uploads\/2022\/08\/city-4468570-Kopie-1-scaled.jpg 2560w, https:\/\/mpu-berlin.net\/wp-content\/uploads\/2022\/08\/city-4468570-Kopie-1-300x200.jpg 300w, https:\/\/mpu-berlin.net\/wp-content\/uploads\/2022\/08\/city-4468570-Kopie-1-1024x683.jpg 1024w, https:\/\/mpu-berlin.net\/wp-content\/uploads\/2022\/08\/city-4468570-Kopie-1-768x512.jpg 768w, https:\/\/mpu-berlin.net\/wp-content\/uploads\/2022\/08\/city-4468570-Kopie-1-1536x1024.jpg 1536w, https:\/\/mpu-berlin.net\/wp-content\/uploads\/2022\/08\/city-4468570-Kopie-1-2048x1365.jpg 2048w\" sizes=\"(max-width: 2560px) 100vw, 2560px\" \/><div class=\"wp-block-cover__inner-container is-layout-flow wp-block-cover-is-layout-flow\">\n<div class=\"wp-block-columns is-layout-flex wp-container-4 wp-block-columns-is-layout-flex\">\n<div class=\"wp-block-column is-layout-flow wp-block-column-is-layout-flow\">\n<h2 class=\"has-ast-global-color-7-color has-text-color wp-block-heading\" style=\"margin-top:30px;font-size:50px\"><strong>Ihr F\u00fchrerschein ist weg? <\/strong><\/h2>\n\n\n\n<h1 class=\"has-ast-global-color-1-color has-text-color has-background has-medium-font-size wp-block-heading\" style=\"background-color:#ffffff1a;margin-top:30px;margin-bottom:60px\"><strong>Sie m\u00fcssen zur MPU wegen Alkohol, Drogen oder Punkten?<\/strong><\/h1>\n\n\n\n<p><\/p>\n\n\n\n<div class=\"wp-block-buttons is-content-justification-center is-layout-flex wp-container-1 wp-block-buttons-is-layout-flex\">\n<div class=\"wp-block-button is-style-fill\"><a class=\"wp-block-button__link has-background wp-element-button\" href=\"https:\/\/mpu-berlin.net\/index.php\/kontakt\/\" style=\"border-radius:14px;background-color:#bc4749\" rel=\"#\">Rufen Sie mich an<\/a><\/div>\n\n\n\n<div class=\"wp-block-button is-style-fill\"><a class=\"wp-block-button__link has-background wp-element-button\" href=\"https:\/\/mpu-berlin.net\/index.php\/von-rot-auf-gruen-2\/\" style=\"border-radius:13px;background-color:#bc4749\" rel=\"#\">Mehr Erfahren<\/a><\/div>\n<\/div>\n<\/div>\n\n\n\n<div class=\"wp-block-column is-layout-flow wp-block-column-is-layout-flow\">\n<figure class=\"wp-block-video\"><video controls poster=\"https:\/\/mpu-berlin.net\/wp-content\/uploads\/2022\/09\/Bildschirmfoto-2022-09-06-um-12.48.56.png\" src=\"https:\/\/mpu-berlin.net\/wp-content\/uploads\/2022\/09\/Mpu-Berlin_Teaser._lowRes.mp4\"><\/video><\/figure>\n<\/div>\n<\/div>\n<\/div><\/div>\n\n\n\n<div class=\"inherit-container-width wp-block-group alignfull has-ast-global-color-4-background-color has-background is-layout-constrained wp-block-group-is-layout-constrained\">\n<div class=\"wp-block-media-text alignwide is-stacked-on-mobile\"><figure class=\"wp-block-media-text__media\"><img decoding=\"async\" loading=\"lazy\" width=\"1024\" height=\"659\" src=\"https:\/\/mpu-berlin.net\/wp-content\/uploads\/2022\/09\/flowchart-1024x659.png\" alt=\"\" class=\"wp-image-639 size-full\" srcset=\"https:\/\/mpu-berlin.net\/wp-content\/uploads\/2022\/09\/flowchart-1024x659.png 1024w, https:\/\/mpu-berlin.net\/wp-content\/uploads\/2022\/09\/flowchart-300x193.png 300w, https:\/\/mpu-berlin.net\/wp-content\/uploads\/2022\/09\/flowchart-768x494.png 768w, https:\/\/mpu-berlin.net\/wp-content\/uploads\/2022\/09\/flowchart-1536x988.png 1536w, https:\/\/mpu-berlin.net\/wp-content\/uploads\/2022\/09\/flowchart.png 2000w\" sizes=\"(max-width: 1024px) 100vw, 1024px\" \/><\/figure><div class=\"wp-block-media-text__content\">\n<p class=\"has-ast-global-color-0-color has-text-color\">Ihr Fortschritt<\/p>\n\n\n\n<h2 class=\"wp-block-heading\">Der Weg zur positiven MPU und Wiedererlangung Ihres F\u00fchrerscheins<\/h2>\n\n\n\n<ul>\n<li>bei Entzug der Fahrerlaubnis oder drohendem Entzug: unverz\u00fcglich ein kostenloses und unverbindliches Informationsgespr\u00e4ch vereinbaren<\/li>\n\n\n\n<li>hierin dann Infos \u00fcber Fristen, Abstinenzchecks oder Drogenscreenings einholen<\/li>\n\n\n\n<li>parallel dazu die verkehrspsychologische Vorbereitung beginnen<\/li>\n\n\n\n<li>medizinische Untersuchung, psychologisches Gespr\u00e4ch und den Leistungstest in der MPU bestehen<\/li>\n<\/ul>\n<\/div><\/div>\n<\/div>\n\n\n\n<div class=\"wp-block-cover alignfull\"><span aria-hidden=\"true\" class=\"wp-block-cover__background has-ast-global-color-2-background-color has-background-dim-80 has-background-dim\"><\/span><img decoding=\"async\" class=\"wp-block-cover__image-background wp-image-306\" alt=\"\" src=\"https:\/\/mpu-berlin.net\/wp-content\/uploads\/2017\/08\/Gespr\u00e4chsecke.jpg\" style=\"object-position:51% 83%\" data-object-fit=\"cover\" data-object-position=\"51% 83%\"\/><div class=\"wp-block-cover__inner-container is-layout-flow wp-block-cover-is-layout-flow\">\n<div class=\"inherit-container-width wp-block-group is-layout-constrained wp-block-group-is-layout-constrained\">\n<div class=\"wp-block-columns is-layout-flex wp-container-10 wp-block-columns-is-layout-flex\">\n<div class=\"wp-block-column is-layout-flow wp-block-column-is-layout-flow\">\n<figure class=\"wp-block-image aligncenter size-large is-resized\"><img decoding=\"async\" loading=\"lazy\" src=\"https:\/\/mpu-berlin.net\/wp-content\/uploads\/2022\/09\/Individuell-1024x1024.png\" alt=\"\" class=\"wp-image-655\" width=\"351\" height=\"351\" srcset=\"https:\/\/mpu-berlin.net\/wp-content\/uploads\/2022\/09\/Individuell-1024x1024.png 1024w, https:\/\/mpu-berlin.net\/wp-content\/uploads\/2022\/09\/Individuell-300x300.png 300w, https:\/\/mpu-berlin.net\/wp-content\/uploads\/2022\/09\/Individuell-150x150.png 150w, https:\/\/mpu-berlin.net\/wp-content\/uploads\/2022\/09\/Individuell-768x768.png 768w, https:\/\/mpu-berlin.net\/wp-content\/uploads\/2022\/09\/Individuell.png 1280w\" sizes=\"(max-width: 351px) 100vw, 351px\" \/><\/figure>\n\n\n\n<h4 class=\"has-text-align-center has-ast-global-color-5-color has-text-color wp-block-heading\" style=\"text-transform:uppercase\">Individuell<\/h4>\n<\/div>\n\n\n\n<div class=\"wp-block-column is-layout-flow wp-block-column-is-layout-flow\">\n<figure class=\"wp-block-image aligncenter size-large is-resized\"><img decoding=\"async\" loading=\"lazy\" src=\"https:\/\/mpu-berlin.net\/wp-content\/uploads\/2022\/09\/Professionell-1024x1024.png\" alt=\"\" class=\"wp-image-656\" width=\"353\" height=\"353\" srcset=\"https:\/\/mpu-berlin.net\/wp-content\/uploads\/2022\/09\/Professionell-1024x1024.png 1024w, https:\/\/mpu-berlin.net\/wp-content\/uploads\/2022\/09\/Professionell-300x300.png 300w, https:\/\/mpu-berlin.net\/wp-content\/uploads\/2022\/09\/Professionell-150x150.png 150w, https:\/\/mpu-berlin.net\/wp-content\/uploads\/2022\/09\/Professionell-768x768.png 768w, https:\/\/mpu-berlin.net\/wp-content\/uploads\/2022\/09\/Professionell.png 1280w\" sizes=\"(max-width: 353px) 100vw, 353px\" \/><\/figure>\n\n\n\n<h4 class=\"has-text-align-center has-ast-global-color-5-color has-text-color wp-block-heading\" style=\"text-transform:uppercase\">Professionell<\/h4>\n<\/div>\n\n\n\n<div class=\"wp-block-column is-layout-flow wp-block-column-is-layout-flow\">\n<figure class=\"wp-block-image aligncenter size-large is-resized\"><img decoding=\"async\" loading=\"lazy\" src=\"https:\/\/mpu-berlin.net\/wp-content\/uploads\/2022\/09\/Erfolgreich-1024x1024.png\" alt=\"\" class=\"wp-image-657\" width=\"360\" height=\"360\" srcset=\"https:\/\/mpu-berlin.net\/wp-content\/uploads\/2022\/09\/Erfolgreich-1024x1024.png 1024w, https:\/\/mpu-berlin.net\/wp-content\/uploads\/2022\/09\/Erfolgreich-300x300.png 300w, https:\/\/mpu-berlin.net\/wp-content\/uploads\/2022\/09\/Erfolgreich-150x150.png 150w, https:\/\/mpu-berlin.net\/wp-content\/uploads\/2022\/09\/Erfolgreich-768x768.png 768w, https:\/\/mpu-berlin.net\/wp-content\/uploads\/2022\/09\/Erfolgreich.png 1280w\" sizes=\"(max-width: 360px) 100vw, 360px\" \/><\/figure>\n\n\n\n<h4 class=\"has-text-align-center has-ast-global-color-5-color has-text-color has-medium-font-size wp-block-heading\" style=\"text-transform:uppercase\">Erfolgreich<\/h4>\n<\/div>\n<\/div>\n<\/div>\n<\/div><\/div>\n\n\n\n<div class=\"inherit-container-width wp-block-group alignfull has-ast-global-color-4-background-color has-background is-layout-constrained wp-block-group-is-layout-constrained\">\n<div class=\"wp-block-media-text is-stacked-on-mobile\" style=\"grid-template-columns:46% auto\"><figure class=\"wp-block-media-text__media\"><img decoding=\"async\" loading=\"lazy\" width=\"1024\" height=\"683\" src=\"https:\/\/mpu-berlin.net\/wp-content\/uploads\/2022\/09\/kontakt-1024x683-1.jpg\" alt=\"\" class=\"wp-image-645 size-full\" srcset=\"https:\/\/mpu-berlin.net\/wp-content\/uploads\/2022\/09\/kontakt-1024x683-1.jpg 1024w, https:\/\/mpu-berlin.net\/wp-content\/uploads\/2022\/09\/kontakt-1024x683-1-300x200.jpg 300w, https:\/\/mpu-berlin.net\/wp-content\/uploads\/2022\/09\/kontakt-1024x683-1-768x512.jpg 768w\" sizes=\"(max-width: 1024px) 100vw, 1024px\" \/><\/figure><div class=\"wp-block-media-text__content\">\n<h2 class=\"wp-block-heading\" style=\"font-size:29px\">Stefanie Loewe (Wirtschaftspsychologin B. Sc.)<\/h2>\n\n\n\n<p>Seit 2010 bereite ich meine Klienten auf ihre medizinisch-psychologische Untersuchung vor. Hierbei ist es mir besonders wichtig, wirklich etwas zu bewegen und zu erreichen, dass es bei einer einmaligen Anordnung der MPU bleibt. Auf Augenh\u00f6he f\u00fchre ich ausschlie\u00dflich Einzelgespr\u00e4che mit meinen Klienten, um individuell auf die Themen und Belange eingehen zu k\u00f6nnen.<\/p>\n<\/div><\/div>\n<\/div>\n\n\n\n<div class=\"inherit-container-width wp-block-group alignfull has-ast-global-color-5-background-color has-background is-layout-constrained wp-block-group-is-layout-constrained\">\n<div class=\"wp-block-media-text has-media-on-the-right is-stacked-on-mobile\" style=\"grid-template-columns:auto 46%\"><div class=\"wp-block-media-text__content\">\n<h2 class=\"wp-block-heading\" style=\"font-size:29px\">Kontaktieren Sie mich f\u00fcr ein kostenloses Erstgespr\u00e4ch<\/h2>\n\n\n\n<p>Tel.:&nbsp;<a href=\"tel:+493099250852\">030\/992 50 852<\/a><br>Mobil:&nbsp;<a href=\"tel:+491776177284\">0177\/6177284<\/a><\/p>\n\n\n\n<p><a href=\"mailto:Stefanie.Loewe@mpu-berlin.net\">Stefanie.Loewe@mpu-berlin.net<\/a><\/p>\n\n\n\n<p>MPU-Beratung am Bundesplatz<br>Stefanie Loewe in der Praxis<br>\u201eCoaching Xperience\u201c<\/p>\n\n\n\n<p>Bundesallee 53<br>10715, Berlin<\/p>\n<\/div><figure class=\"wp-block-media-text__media\"><img decoding=\"async\" loading=\"lazy\" width=\"1024\" height=\"576\" src=\"https:\/\/mpu-berlin.net\/wp-content\/uploads\/2022\/08\/image.jpeg\" alt=\"\" class=\"wp-image-540 size-full\" srcset=\"https:\/\/mpu-berlin.net\/wp-content\/uploads\/2022\/08\/image.jpeg 1024w, https:\/\/mpu-berlin.net\/wp-content\/uploads\/2022\/08\/image-300x169.jpeg 300w, https:\/\/mpu-berlin.net\/wp-content\/uploads\/2022\/08\/image-768x432.jpeg 768w\" sizes=\"(max-width: 1024px) 100vw, 1024px\" \/><\/figure><\/div>\n<\/div>\n\n\n\n<div class=\"inherit-container-width wp-block-group alignfull has-ast-global-color-4-background-color has-background is-layout-constrained wp-block-group-is-layout-constrained\">\n<div class=\"wp-block-columns is-layout-flex wp-container-16 wp-block-columns-is-layout-flex\">\n<div class=\"wp-block-column is-layout-flow wp-block-column-is-layout-flow\" style=\"flex-basis:54%\">\n<h2 class=\"wp-block-heading\" style=\"font-size:29px\">Blog-Beitr\u00e4ge:<\/h2>\n\n\n<ul class=\"wp-block-latest-posts__list alignleft wp-block-latest-posts\"><li><a class=\"wp-block-latest-posts__post-title\" href=\"https:\/\/mpu-berlin.net\/index.php\/2020\/09\/18\/abstinenznachweise-fuer-die-mpu\/\">Abstinenznachweise f\u00fcr die MPU<\/a><\/li>\n<li><a class=\"wp-block-latest-posts__post-title\" href=\"https:\/\/mpu-berlin.net\/index.php\/2019\/09\/27\/welche-kosten-kommen-insgesamt-fuer-eine-medizinisch-psychologischen-untersuchung-mpu-auf-mich-zu\/\">Welche Kosten kommen insgesamt f\u00fcr eine medizinisch-psychologischen Untersuchung (MPU) auf mich zu?<\/a><\/li>\n<li><a class=\"wp-block-latest-posts__post-title\" href=\"https:\/\/mpu-berlin.net\/index.php\/2019\/09\/27\/klientenstimmen-4\/\">Klientenstimmen<\/a><\/li>\n<li><a class=\"wp-block-latest-posts__post-title\" href=\"https:\/\/mpu-berlin.net\/index.php\/2019\/09\/27\/neu-ab-1-8-2018-kosten-der-medizinisch-psychologischen-untersuchung\/\">Kosten der medizinisch psychologischen Untersuchung<\/a><\/li>\n<li><a class=\"wp-block-latest-posts__post-title\" href=\"https:\/\/mpu-berlin.net\/index.php\/2019\/04\/29\/fuehrerscheinentzug-nicht-mehr-automatisch-bei-einmaliger-fahrt-unter-thc-einfluss\/\">F\u00fchrerscheinentzug nicht mehr automatisch bei einmaliger Fahrt unter THC-Einfluss<\/a><\/li>\n<\/ul><\/div>\n<\/div>\n<\/div>\n\n\n\n<div class=\"wp-block-columns alignwide is-layout-flex wp-container-19 wp-block-columns-is-layout-flex\">\n<div class=\"wp-block-column is-layout-flow wp-block-column-is-layout-flow\" style=\"flex-basis:100%\"><\/div>\n<\/div>\n","protected":false},"excerpt":{"rendered":"<p>Ihr Fortschritt Der Weg zur positiven MPU und Wiedererlangung Ihres F\u00fchrerscheins Stefanie Loewe (Wirtschaftspsychologin B. Sc.) Seit 2010 bereite ich meine Klienten auf ihre medizinisch-psychologische Untersuchung vor. Hierbei ist es mir besonders wichtig, wirklich etwas zu bewegen und zu erreichen, dass es bei einer einmaligen Anordnung der MPU bleibt. Auf Augenh\u00f6he f\u00fchre ich ausschlie\u00dflich Einzelgespr\u00e4che \u00a0\u2026 <a href=\"https:\/\/mpu-berlin.net\/\" rel=\"noopener noreferrer\">Weiterlesen<\/a><\/p>\n","protected":false},"author":1,"featured_media":0,"parent":0,"menu_order":0,"comment_status":"closed","ping_status":"closed","template":"","meta":{"site-sidebar-layout":"default","site-content-layout":"default","ast-global-header-display":"","ast-main-header-display":"","ast-hfb-above-header-display":"","ast-hfb-below-header-display":"","ast-hfb-mobile-header-display":"","site-post-title":"disabled","ast-breadcrumbs-content":"","ast-featured-img":"","footer-sml-layout":"","theme-transparent-header-meta":"","adv-header-id-meta":"","stick-header-meta":"","header-above-stick-meta":"","header-main-stick-meta":"","header-below-stick-meta":"","footnotes":""},"yoast_head":"<!-- This site is optimized with the Yoast SEO plugin v19.10 - https:\/\/yoast.com\/wordpress\/plugins\/seo\/ -->\n<title>Startseite - MPU am S\u00fcdkreuz<\/title>\n<meta name=\"description\" content=\"Ihr F\u00fchrerschein ist weg? Sie m\u00fcssen zur MPU wegen Alkohol, Drogen oder Punkten? Stefanie Loewe (Wirtschaftspsychologin B. Sc.) f\u00fchrt Einzelgespr\u00e4che mit ihren Klienten, um individuell auf die Themen und Belange eingehen zu k\u00f6nnen.\" \/>\n<meta name=\"robots\" content=\"index, follow, max-snippet:-1, max-image-preview:large, max-video-preview:-1\" \/>\n<link rel=\"canonical\" href=\"https:\/\/mpu-berlin.net\/\" \/>\n<meta property=\"og:locale\" content=\"de_DE\" \/>\n<meta property=\"og:type\" content=\"article\" \/>\n<meta property=\"og:title\" content=\"Startseite - MPU am S\u00fcdkreuz\" \/>\n<meta property=\"og:description\" content=\"Ihr F\u00fchrerschein ist weg? Sie m\u00fcssen zur MPU wegen Alkohol, Drogen oder Punkten? Stefanie Loewe (Wirtschaftspsychologin B. Sc.) f\u00fchrt Einzelgespr\u00e4che mit ihren Klienten, um individuell auf die Themen und Belange eingehen zu k\u00f6nnen.\" \/>\n<meta property=\"og:url\" content=\"https:\/\/mpu-berlin.net\/\" \/>\n<meta property=\"article:modified_time\" content=\"2023-10-09T08:51:10+00:00\" \/>\n<meta property=\"og:image\" content=\"https:\/\/mpu-berlin.net\/wp-content\/uploads\/2022\/08\/city-4468570-Kopie-1-scaled.jpg\" \/>\n<meta name=\"twitter:card\" content=\"summary_large_image\" \/>\n<meta name=\"twitter:label1\" content=\"Gesch\u00e4tzte Lesezeit\" \/>\n\t<meta name=\"twitter:data1\" content=\"3\u00a0Minuten\" \/>\n<script type=\"application\/ld+json\" class=\"yoast-schema-graph\">{\"@context\":\"https:\/\/schema.org\",\"@graph\":[{\"@type\":\"WebPage\",\"@id\":\"https:\/\/mpu-berlin.net\/\",\"url\":\"https:\/\/mpu-berlin.net\/\",\"name\":\"Startseite - MPU am S\u00fcdkreuz\",\"isPartOf\":{\"@id\":\"https:\/\/mpu-berlin.net\/#website\"},\"datePublished\":\"2022-08-28T12:06:28+00:00\",\"dateModified\":\"2023-10-09T08:51:10+00:00\",\"description\":\"Ihr F\u00fchrerschein ist weg? Sie m\u00fcssen zur MPU wegen Alkohol, Drogen oder Punkten? Stefanie Loewe (Wirtschaftspsychologin B. Sc.) f\u00fchrt Einzelgespr\u00e4che mit ihren Klienten, um individuell auf die Themen und Belange eingehen zu k\u00f6nnen.\",\"breadcrumb\":{\"@id\":\"https:\/\/mpu-berlin.net\/#breadcrumb\"},\"inLanguage\":\"de\",\"potentialAction\":[{\"@type\":\"ReadAction\",\"target\":[\"https:\/\/mpu-berlin.net\/\"]}]},{\"@type\":\"BreadcrumbList\",\"@id\":\"https:\/\/mpu-berlin.net\/#breadcrumb\",\"itemListElement\":[{\"@type\":\"ListItem\",\"position\":1,\"name\":\"Startseite\",\"item\":\"https:\/\/mpu-berlin.net\/\"},{\"@type\":\"ListItem\",\"position\":2,\"name\":\"Startseite\"}]},{\"@type\":\"WebSite\",\"@id\":\"https:\/\/mpu-berlin.net\/#website\",\"url\":\"https:\/\/mpu-berlin.net\/\",\"name\":\"\",\"description\":\"Stefanie Loewe (Wirtschaftspsychologin)\",\"publisher\":{\"@id\":\"https:\/\/mpu-berlin.net\/#organization\"},\"potentialAction\":[{\"@type\":\"SearchAction\",\"target\":{\"@type\":\"EntryPoint\",\"urlTemplate\":\"https:\/\/mpu-berlin.net\/?s={search_term_string}\"},\"query-input\":\"required name=search_term_string\"}],\"inLanguage\":\"de\"},{\"@type\":\"Organization\",\"@id\":\"https:\/\/mpu-berlin.net\/#organization\",\"name\":\"MPU Beratung am S\u00fcdkreuz - Stefanie Loewe\",\"url\":\"https:\/\/mpu-berlin.net\/\",\"logo\":{\"@type\":\"ImageObject\",\"inLanguage\":\"de\",\"@id\":\"https:\/\/mpu-berlin.net\/#\/schema\/logo\/image\/\",\"url\":\"https:\/\/mpu-berlin.net\/wp-content\/uploads\/2023\/10\/MPU_Logo_Bundesplatz_small.png\",\"contentUrl\":\"https:\/\/mpu-berlin.net\/wp-content\/uploads\/2023\/10\/MPU_Logo_Bundesplatz_small.png\",\"width\":500,\"height\":450,\"caption\":\"MPU Beratung am S\u00fcdkreuz - Stefanie Loewe\"},\"image\":{\"@id\":\"https:\/\/mpu-berlin.net\/#\/schema\/logo\/image\/\"}}]}<\/script>\n<!-- \/ Yoast SEO plugin. -->","yoast_head_json":{"title":"Startseite - MPU am S\u00fcdkreuz","description":"Ihr F\u00fchrerschein ist weg? Sie m\u00fcssen zur MPU wegen Alkohol, Drogen oder Punkten? Stefanie Loewe (Wirtschaftspsychologin B. Sc.) f\u00fchrt Einzelgespr\u00e4che mit ihren Klienten, um individuell auf die Themen und Belange eingehen zu k\u00f6nnen.","robots":{"index":"index","follow":"follow","max-snippet":"max-snippet:-1","max-image-preview":"max-image-preview:large","max-video-preview":"max-video-preview:-1"},"canonical":"https:\/\/mpu-berlin.net\/","og_locale":"de_DE","og_type":"article","og_title":"Startseite - MPU am S\u00fcdkreuz","og_description":"Ihr F\u00fchrerschein ist weg? Sie m\u00fcssen zur MPU wegen Alkohol, Drogen oder Punkten? Stefanie Loewe (Wirtschaftspsychologin B. Sc.) f\u00fchrt Einzelgespr\u00e4che mit ihren Klienten, um individuell auf die Themen und Belange eingehen zu k\u00f6nnen.","og_url":"https:\/\/mpu-berlin.net\/","article_modified_time":"2023-10-09T08:51:10+00:00","og_image":[{"url":"https:\/\/mpu-berlin.net\/wp-content\/uploads\/2022\/08\/city-4468570-Kopie-1-scaled.jpg"}],"twitter_card":"summary_large_image","twitter_misc":{"Gesch\u00e4tzte Lesezeit":"3\u00a0Minuten"},"schema":{"@context":"https:\/\/schema.org","@graph":[{"@type":"WebPage","@id":"https:\/\/mpu-berlin.net\/","url":"https:\/\/mpu-berlin.net\/","name":"Startseite - MPU am S\u00fcdkreuz","isPartOf":{"@id":"https:\/\/mpu-berlin.net\/#website"},"datePublished":"2022-08-28T12:06:28+00:00","dateModified":"2023-10-09T08:51:10+00:00","description":"Ihr F\u00fchrerschein ist weg? Sie m\u00fcssen zur MPU wegen Alkohol, Drogen oder Punkten? Stefanie Loewe (Wirtschaftspsychologin B. Sc.) f\u00fchrt Einzelgespr\u00e4che mit ihren Klienten, um individuell auf die Themen und Belange eingehen zu k\u00f6nnen.","breadcrumb":{"@id":"https:\/\/mpu-berlin.net\/#breadcrumb"},"inLanguage":"de","potentialAction":[{"@type":"ReadAction","target":["https:\/\/mpu-berlin.net\/"]}]},{"@type":"BreadcrumbList","@id":"https:\/\/mpu-berlin.net\/#breadcrumb","itemListElement":[{"@type":"ListItem","position":1,"name":"Startseite","item":"https:\/\/mpu-berlin.net\/"},{"@type":"ListItem","position":2,"name":"Startseite"}]},{"@type":"WebSite","@id":"https:\/\/mpu-berlin.net\/#website","url":"https:\/\/mpu-berlin.net\/","name":"","description":"Stefanie Loewe (Wirtschaftspsychologin)","publisher":{"@id":"https:\/\/mpu-berlin.net\/#organization"},"potentialAction":[{"@type":"SearchAction","target":{"@type":"EntryPoint","urlTemplate":"https:\/\/mpu-berlin.net\/?s={search_term_string}"},"query-input":"required name=search_term_string"}],"inLanguage":"de"},{"@type":"Organization","@id":"https:\/\/mpu-berlin.net\/#organization","name":"MPU Beratung am S\u00fcdkreuz - Stefanie Loewe","url":"https:\/\/mpu-berlin.net\/","logo":{"@type":"ImageObject","inLanguage":"de","@id":"https:\/\/mpu-berlin.net\/#\/schema\/logo\/image\/","url":"https:\/\/mpu-berlin.net\/wp-content\/uploads\/2023\/10\/MPU_Logo_Bundesplatz_small.png","contentUrl":"https:\/\/mpu-berlin.net\/wp-content\/uploads\/2023\/10\/MPU_Logo_Bundesplatz_small.png","width":500,"height":450,"caption":"MPU Beratung am S\u00fcdkreuz - Stefanie Loewe"},"image":{"@id":"https:\/\/mpu-berlin.net\/#\/schema\/logo\/image\/"}}]}},"uagb_featured_image_src":{"full":false,"thumbnail":false,"medium":false,"medium_large":false,"large":false,"1536x1536":false,"2048x2048":false},"uagb_author_info":{"display_name":"Stefanie","author_link":"https:\/\/mpu-berlin.net\/index.php\/author\/stefanie\/"},"uagb_comment_info":0,"uagb_excerpt":"Ihr Fortschritt Der Weg zur positiven MPU und Wiedererlangung Ihres F\u00fchrerscheins Stefanie Loewe (Wirtschaftspsychologin B. Sc.) Seit 2010 bereite ich meine Klienten auf ihre medizinisch-psychologische Untersuchung vor. Hierbei ist es mir besonders wichtig, wirklich etwas zu bewegen und zu erreichen, dass es bei einer einmaligen Anordnung der MPU bleibt. Auf Augenh\u00f6he f\u00fchre ich ausschlie\u00dflich Einzelgespr\u00e4che&hellip;","_links":{"self":[{"href":"https:\/\/mpu-berlin.net\/index.php\/wp-json\/wp\/v2\/pages\/547"}],"collection":[{"href":"https:\/\/mpu-berlin.net\/index.php\/wp-json\/wp\/v2\/pages"}],"about":[{"href":"https:\/\/mpu-berlin.net\/index.php\/wp-json\/wp\/v2\/types\/page"}],"author":[{"embeddable":true,"href":"https:\/\/mpu-berlin.net\/index.php\/wp-json\/wp\/v2\/users\/1"}],"replies":[{"embeddable":true,"href":"https:\/\/mpu-berlin.net\/index.php\/wp-json\/wp\/v2\/comments?post=547"}],"version-history":[{"count":56,"href":"https:\/\/mpu-berlin.net\/index.php\/wp-json\/wp\/v2\/pages\/547\/revisions"}],"predecessor-version":[{"id":731,"href":"https:\/\/mpu-berlin.net\/index.php\/wp-json\/wp\/v2\/pages\/547\/revisions\/731"}],"wp:attachment":[{"href":"https:\/\/mpu-berlin.net\/index.php\/wp-json\/wp\/v2\/media?parent=547"}],"curies":[{"name":"wp","href":"https:\/\/api.w.org\/{rel}","templated":true}]}}